{"id":18,"date":"2025-08-04T13:32:32","date_gmt":"2025-08-04T13:32:32","guid":{"rendered":"https:\/\/dummy.xtemos.com\/woodmart2\/pets-elementor\/?page_id=18"},"modified":"2026-03-15T14:36:57","modified_gmt":"2026-03-15T14:36:57","slug":"about-us","status":"publish","type":"page","link":"https:\/\/kdoshop.ma\/ar\/about-us\/","title":{"rendered":"\u0639\u0646\u0627"},"content":{"rendered":"<div data-elementor-type=\"wp-page\" data-elementor-id=\"18\" class=\"elementor elementor-18\">\n\t\t\t\t<div class=\"wd-negative-gap elementor-element elementor-element-027f74a wd-section-stretch e-flex e-con-boxed e-con e-parent\" data-id=\"027f74a\" data-element_type=\"container\" data-e-type=\"container\" data-settings=\"{&quot;background_background&quot;:&quot;classic&quot;}\">\n\t\t\t\t\t<div class=\"e-con-inner\">\n\t\t\t\t<div class=\"elementor-element elementor-element-dd3bafa wd-el-page-heading text-left elementor-widget elementor-widget-wd_page_heading\" data-id=\"dd3bafa\" data-element_type=\"widget\" data-e-type=\"widget\" data-widget_type=\"wd_page_heading.default\">\n\t\t\t\t<div class=\"elementor-widget-container\">\n\t\t\t\t\t<h2 class=\"entry-title title\">\u0639\u0646\u0627<\/h2>\t\t\t\t<\/div>\n\t\t\t\t<\/div>\n\t\t\t\t<div class=\"elementor-element elementor-element-d41ec81 wd-el-breadcrumbs text-left elementor-widget elementor-widget-wd_element_breadcrumbs\" data-id=\"d41ec81\" data-element_type=\"widget\" data-e-type=\"widget\" data-widget_type=\"wd_element_breadcrumbs.default\">\n\t\t\t\t<div class=\"elementor-widget-container\">\n\t\t\t\t\t<nav class=\"wd-breadcrumbs\"><a href=\"https:\/\/kdoshop.ma\/ar\/\">\u0627\u0644\u0645\u0646\u0632\u0644<\/a><span class=\"wd-delimiter\"><\/span><span class=\"wd-last\">\u0635\u0641\u062d\u0629<\/span><\/nav>\t\t\t\t<\/div>\n\t\t\t\t<\/div>\n\t\t\t\t\t<\/div>\n\t\t\t\t<\/div>\n\t\t<div class=\"wd-negative-gap elementor-element elementor-element-10a5fc4 e-flex e-con-boxed e-con e-parent\" data-id=\"10a5fc4\" data-element_type=\"container\" data-e-type=\"container\" data-settings=\"{&quot;background_background&quot;:&quot;classic&quot;}\">\n\t\t\t\t\t<div class=\"e-con-inner\">\n\t\t<div class=\"elementor-element elementor-element-8f6003d e-con-full e-flex e-con e-child\" data-id=\"8f6003d\" data-element_type=\"container\" data-e-type=\"container\" data-settings=\"{&quot;background_background&quot;:&quot;classic&quot;}\">\n\t\t\t\t<\/div>\n\t\t<div class=\"elementor-element elementor-element-1454eb1 e-con-full color-scheme-light e-flex e-con e-child\" data-id=\"1454eb1\" data-element_type=\"container\" data-e-type=\"container\" data-settings=\"{&quot;background_background&quot;:&quot;classic&quot;}\">\n\t\t\t\t<div class=\"elementor-element elementor-element-eeb1441 wd-width-100 elementor-widget elementor-widget-wd_title\" data-id=\"eeb1441\" data-element_type=\"widget\" data-e-type=\"widget\" data-widget_type=\"wd_title.default\">\n\t\t\t\t<div class=\"elementor-widget-container\">\n\t\t\t\t\t\t\t<div class=\"title-wrapper wd-set-mb reset-last-child wd-title-color-default wd-title-style-default wd-title-size-default text-left\">\n\n\t\t\t\n\t\t\t<div class=\"liner-continer\">\n\t\t\t\t<h4 class=\"woodmart-title-container title wd-fontsize-l\">\u0639\u0646\u0627<\/h4> \n\t\t\t\t\t\t\t<\/div>\n\n\t\t\t\t\t<\/div>\n\t\t\t\t\t\t<\/div>\n\t\t\t\t<\/div>\n\t\t\t\t<div class=\"elementor-element elementor-element-23aacc8 elementor-widget elementor-widget-wd_text_block\" data-id=\"23aacc8\" data-element_type=\"widget\" data-e-type=\"widget\" data-widget_type=\"wd_text_block.default\">\n\t\t\t\t<div class=\"elementor-widget-container\">\n\t\t\t\t\t\t\t<div class=\"wd-text-block reset-last-child text-left\">\n\t\t\t\n\t\t\t<p data-start=\"295\" data-end=\"669\"><strong data-start=\"295\" data-end=\"318\">KdoShop Kids &amp; Home<\/strong> est une boutique sp\u00e9cialis\u00e9e dans les articles pour enfants, la d\u00e9coration de maison et les id\u00e9es cadeaux pour toutes les occasions. notre mission est d\u2019apporter de la joie aux familles en proposant une large s\u00e9lection de produits de qualit\u00e9 adapt\u00e9s aux enfants et au quotidien des foyers.<\/p><p data-start=\"671\" data-end=\"787\">Chez <strong data-start=\"676\" data-end=\"699\">KdoShop Kids &amp; Home<\/strong>, nous mettons \u00e0 votre disposition une vari\u00e9t\u00e9 d\u2019articles soigneusement s\u00e9lectionn\u00e9s :<\/p><ul data-start=\"788\" data-end=\"1033\"><li data-section-id=\"ld2hki\" data-start=\"788\" data-end=\"828\"><p data-start=\"790\" data-end=\"828\">jouets pour enfants de tous les \u00e2ges<\/p><\/li><li data-section-id=\"93ra3z\" data-start=\"829\" data-end=\"859\"><p data-start=\"831\" data-end=\"859\">jeux \u00e9ducatifs et ludiques<\/p><\/li><li data-section-id=\"hf3o3l\" data-start=\"860\" data-end=\"892\"><p data-start=\"862\" data-end=\"892\">linge et d\u00e9coration de table<\/p><\/li><li data-section-id=\"jddwxe\" data-start=\"893\" data-end=\"934\"><p data-start=\"895\" data-end=\"934\">articles de d\u00e9coration pour la maison<\/p><\/li><li data-section-id=\"f91s1o\" data-start=\"935\" data-end=\"1033\"><p data-start=\"937\" data-end=\"1033\">id\u00e9es cadeaux pour les f\u00eates et les occasions sp\u00e9ciales.<\/p><\/li><\/ul><p data-start=\"1035\" data-end=\"1325\">Notre boutique s\u2019engage \u00e0 offrir des produits qui allient <strong data-start=\"1093\" data-end=\"1137\">qualit\u00e9, originalit\u00e9 et prix accessibles<\/strong>, afin de rendre chaque moment en famille encore plus agr\u00e9able. Nous mettons un point d\u2019honneur \u00e0 proposer des nouveaut\u00e9s r\u00e9guli\u00e8res pour r\u00e9pondre aux besoins et aux envies de nos clients.<\/p><p data-start=\"1327\" data-end=\"1569\">Gr\u00e2ce \u00e0 notre exp\u00e9rience et \u00e0 la confiance de notre communaut\u00e9, <strong data-start=\"1391\" data-end=\"1414\">KdoShop Kids &amp; Home<\/strong> est devenu une r\u00e9f\u00e9rence pour ceux qui recherchent des <strong data-start=\"1470\" data-end=\"1541\">jouets, des articles pour enfants et des accessoires pour la maison<\/strong>.<\/p>\n\t\t\t\t\t<\/div>\n\t\t\t\t\t\t<\/div>\n\t\t\t\t<\/div>\n\t\t\t\t<\/div>\n\t\t\t\t\t<\/div>\n\t\t\t\t<\/div>\n\t\t<div class=\"wd-negative-gap elementor-element elementor-element-299bc76 wd-section-stretch e-flex e-con-boxed e-con e-parent\" data-id=\"299bc76\" data-element_type=\"container\" data-e-type=\"container\" data-settings=\"{&quot;background_background&quot;:&quot;classic&quot;}\">\n\t\t\t\t\t<div class=\"e-con-inner\">\n\t\t<div class=\"elementor-element elementor-element-5c09ee2 e-con-full color-scheme-light e-flex e-con e-child\" data-id=\"5c09ee2\" data-element_type=\"container\" data-e-type=\"container\">\n\t\t\t\t<div class=\"elementor-element elementor-element-7addee1 wd-width-100 elementor-widget elementor-widget-wd_title\" data-id=\"7addee1\" data-element_type=\"widget\" data-e-type=\"widget\" data-widget_type=\"wd_title.default\">\n\t\t\t\t<div class=\"elementor-widget-container\">\n\t\t\t\t\t\t\t<div class=\"title-wrapper wd-set-mb reset-last-child wd-title-color-default wd-title-style-default wd-title-size-default text-left\">\n\n\t\t\t\t\t\t\t\t\t\t\t<div class=\"title-subtitle subtitle-color-default subtitle-style-background wd-fontsize-xs\">\n\t\t\t\t\tLocalisation\t\t\t\t<\/div>\n\t\t\t\n\t\t\t<div class=\"liner-continer\">\n\t\t\t\t<h4 class=\"woodmart-title-container title wd-fontsize-l\">Notre magasin commercial est situ\u00e9 \u00e0 l\u2019adresse suivante :<br \/>\n<\/h4> \n\t\t\t\t\t\t\t<\/div>\n\n\t\t\t\t\t<\/div>\n\t\t\t\t\t\t<\/div>\n\t\t\t\t<\/div>\n\t\t\t\t<div class=\"elementor-element elementor-element-b211652 elementor-widget elementor-widget-wd_text_block\" data-id=\"b211652\" data-element_type=\"widget\" data-e-type=\"widget\" data-widget_type=\"wd_text_block.default\">\n\t\t\t\t<div class=\"elementor-widget-container\">\n\t\t\t\t\t\t\t<div class=\"wd-text-block reset-last-child text-left\">\n\t\t\t\n\t\t\t<p data-start=\"686\" data-end=\"864\"><strong data-start=\"746\" data-end=\"800\">16, R\u00e9sidence Excellence, Hay El Matar \u2013 El Jadida<\/strong>, o\u00f9 nous serons ravis de vous accueillir et de vous conseiller.<\/p>\n\t\t\t\t\t<\/div>\n\t\t\t\t\t\t<\/div>\n\t\t\t\t<\/div>\n\t\t\t\t<div class=\"elementor-element elementor-element-d40ec67 elementor-widget elementor-widget-google_maps\" data-id=\"d40ec67\" data-element_type=\"widget\" data-e-type=\"widget\" data-widget_type=\"google_maps.default\">\n\t\t\t\t<div class=\"elementor-widget-container\">\n\t\t\t\t\t\t\t<div class=\"elementor-custom-embed\">\n\t\t\t<iframe loading=\"lazy\"\n\t\t\t\t\tsrc=\"https:\/\/maps.google.com\/maps?q=16%2CR%C3%A9sidence%20Excellence%20%2C%20Hay%20el%20matar%20-%20EL%20JADIDA&#038;t=m&#038;z=12&#038;output=embed&#038;iwloc=near\"\n\t\t\t\t\ttitle=\"16,R\u00e9sidence Excellence , Hay el matar - EL JADIDA\"\n\t\t\t\t\taria-label=\"16,R\u00e9sidence Excellence , Hay el matar - EL JADIDA\"\n\t\t\t><\/iframe>\n\t\t<\/div>\n\t\t\t\t\t\t<\/div>\n\t\t\t\t<\/div>\n\t\t\t\t<\/div>\n\t\t\t\t\t<\/div>\n\t\t\t\t<\/div>\n\t\t<div class=\"wd-negative-gap elementor-element elementor-element-44de21a wd-section-stretch e-flex e-con-boxed e-con e-parent\" data-id=\"44de21a\" data-element_type=\"container\" data-e-type=\"container\" data-settings=\"{&quot;background_background&quot;:&quot;classic&quot;}\">\n\t\t\t\t\t<div class=\"e-con-inner\">\n\t\t\t\t<div class=\"elementor-element elementor-element-6bef9d5 wd-width-100 elementor-widget elementor-widget-wd_title\" data-id=\"6bef9d5\" data-element_type=\"widget\" data-e-type=\"widget\" data-widget_type=\"wd_title.default\">\n\t\t\t\t<div class=\"elementor-widget-container\">\n\t\t\t\t\t\t\t<div class=\"title-wrapper wd-set-mb reset-last-child wd-title-color-default wd-title-style-default wd-title-size-default text-left\">\n\n\t\t\t\n\t\t\t<div class=\"liner-continer\">\n\t\t\t\t<h4 class=\"woodmart-title-container title wd-fontsize-l\">FAQs<\/h4> \n\t\t\t\t\t\t\t<\/div>\n\n\t\t\t\t\t<\/div>\n\t\t\t\t\t\t<\/div>\n\t\t\t\t<\/div>\n\t\t<div class=\"elementor-element elementor-element-583c491 e-con-full e-flex e-con e-child\" data-id=\"583c491\" data-element_type=\"container\" data-e-type=\"container\">\n\t\t<div class=\"elementor-element elementor-element-d2f83fe e-con-full e-flex e-con e-child\" data-id=\"d2f83fe\" data-element_type=\"container\" data-e-type=\"container\">\n\t\t\t\t<div class=\"elementor-element elementor-element-543f18c elementor-widget elementor-widget-wd_accordion\" data-id=\"543f18c\" data-element_type=\"widget\" data-e-type=\"widget\" data-widget_type=\"wd_accordion.default\">\n\t\t\t\t<div class=\"elementor-widget-container\">\n\t\t\t\t\t\n\t\t<div class=\"wd-accordion wd-style-shadow wd-titles-left wd-opener-pos-right wd-opener-style-arrow\" data-state=\"all_closed\">\n\t\t\t\t\t\t\t\n\t\t\t\t<div class=\"wd-accordion-item\">\n\t\t\t\t\t<div class=\"wd-accordion-title wd-role-btn\" data-accordion-index=\"0\" tabindex=\"0\">\n\t\t\t\t\t\t<div class=\"wd-accordion-title-text\">\n\t\t\t\t\t\t\t\t\t\t\t\t\t\t<span>\n\t\t\t\t\t\t\t\tComment passer une commande ?\t\t\t\t\t\t\t<\/span>\n\t\t\t\t\t\t<\/div>\n\t\t\t\t\t\t<span class=\"wd-accordion-opener\"><\/span>\n\t\t\t\t\t<\/div>\n\n\t\t\t\t\t<div class=\"wd-accordion-content wd-entry-content\" data-accordion-index=\"0\">\n\t\t\t\t\t\t\t\t\t\t\t\t\t\n\t\t\t\t\t\t\t<p data-start=\"139\" data-end=\"268\">S\u00e9lectionnez vos produits, ajoutez-les au panier et validez votre commande en quelques clics.<\/p><p data-start=\"270\" data-end=\"394\">\u00a0<\/p>\n\t\t\t\t\t\t\t\t\t\t\t\t\t\t\t\t\t\t<\/div>\n\t\t\t\t<\/div>\n\t\t\t\t\t\t\t\n\t\t\t\t<div class=\"wd-accordion-item\">\n\t\t\t\t\t<div class=\"wd-accordion-title wd-role-btn\" data-accordion-index=\"1\" tabindex=\"0\">\n\t\t\t\t\t\t<div class=\"wd-accordion-title-text\">\n\t\t\t\t\t\t\t\t\t\t\t\t\t\t<span>\n\t\t\t\t\t\t\t\tQuels sont les d\u00e9lais de livraison ?\t\t\t\t\t\t\t<\/span>\n\t\t\t\t\t\t<\/div>\n\t\t\t\t\t\t<span class=\"wd-accordion-opener\"><\/span>\n\t\t\t\t\t<\/div>\n\n\t\t\t\t\t<div class=\"wd-accordion-content wd-entry-content\" data-accordion-index=\"1\">\n\t\t\t\t\t\t\t\t\t\t\t\t\t\n\t\t\t\t\t\t\t<p data-start=\"270\" data-end=\"394\">La livraison est g\u00e9n\u00e9ralement effectu\u00e9e sous 24 \u00e0 72 heures selon la destination.<\/p>\n\t\t\t\t\t\t\t\t\t\t\t\t\t\t\t\t\t\t<\/div>\n\t\t\t\t<\/div>\n\t\t\t\t\t\t\t\n\t\t\t\t<div class=\"wd-accordion-item\">\n\t\t\t\t\t<div class=\"wd-accordion-title wd-role-btn\" data-accordion-index=\"2\" tabindex=\"0\">\n\t\t\t\t\t\t<div class=\"wd-accordion-title-text\">\n\t\t\t\t\t\t\t\t\t\t\t\t\t\t<span>\n\t\t\t\t\t\t\t\tComment contacter le service client ?\t\t\t\t\t\t\t<\/span>\n\t\t\t\t\t\t<\/div>\n\t\t\t\t\t\t<span class=\"wd-accordion-opener\"><\/span>\n\t\t\t\t\t<\/div>\n\n\t\t\t\t\t<div class=\"wd-accordion-content wd-entry-content\" data-accordion-index=\"2\">\n\t\t\t\t\t\t\t\t\t\t\t\t\t\n\t\t\t\t\t\t\t<p data-start=\"771\" data-end=\"897\">Vous pouvez nous contacter par t\u00e9l\u00e9phone, WhatsApp ou email pour toute assistance.<\/p>\n\t\t\t\t\t\t\t\t\t\t\t\t\t\t\t\t\t\t<\/div>\n\t\t\t\t<\/div>\n\t\t\t\t\t<\/div>\n\t\t\t\t\t\t<\/div>\n\t\t\t\t<\/div>\n\t\t\t\t<\/div>\n\t\t<div class=\"elementor-element elementor-element-34ece64 e-con-full e-flex e-con e-child\" data-id=\"34ece64\" data-element_type=\"container\" data-e-type=\"container\">\n\t\t\t\t<div class=\"elementor-element elementor-element-b4c05a4 elementor-widget elementor-widget-wd_accordion\" data-id=\"b4c05a4\" data-element_type=\"widget\" data-e-type=\"widget\" data-widget_type=\"wd_accordion.default\">\n\t\t\t\t<div class=\"elementor-widget-container\">\n\t\t\t\t\t\n\t\t<div class=\"wd-accordion wd-style-shadow wd-titles-left wd-opener-pos-right wd-opener-style-arrow\" data-state=\"all_closed\">\n\t\t\t\t\t\t\t\n\t\t\t\t<div class=\"wd-accordion-item\">\n\t\t\t\t\t<div class=\"wd-accordion-title wd-role-btn\" data-accordion-index=\"0\" tabindex=\"0\">\n\t\t\t\t\t\t<div class=\"wd-accordion-title-text\">\n\t\t\t\t\t\t\t\t\t\t\t\t\t\t<span>\n\t\t\t\t\t\t\t\tQuels moyens de paiement sont disponibles ?\t\t\t\t\t\t\t<\/span>\n\t\t\t\t\t\t<\/div>\n\t\t\t\t\t\t<span class=\"wd-accordion-opener\"><\/span>\n\t\t\t\t\t<\/div>\n\n\t\t\t\t\t<div class=\"wd-accordion-content wd-entry-content\" data-accordion-index=\"0\">\n\t\t\t\t\t\t\t\t\t\t\t\t\t\n\t\t\t\t\t\t\t<p data-start=\"396\" data-end=\"539\">Nous proposons le paiement \u00e0 la livraison ainsi que le paiement \u00e0 l'avance par virement bancaire selon le type et montant d'achat.<\/p>\n\t\t\t\t\t\t\t\t\t\t\t\t\t\t\t\t\t\t<\/div>\n\t\t\t\t<\/div>\n\t\t\t\t\t\t\t\n\t\t\t\t<div class=\"wd-accordion-item\">\n\t\t\t\t\t<div class=\"wd-accordion-title wd-role-btn\" data-accordion-index=\"1\" tabindex=\"0\">\n\t\t\t\t\t\t<div class=\"wd-accordion-title-text\">\n\t\t\t\t\t\t\t\t\t\t\t\t\t\t<span>\n\t\t\t\t\t\t\t\tPuis-je retourner un produit ?\t\t\t\t\t\t\t<\/span>\n\t\t\t\t\t\t<\/div>\n\t\t\t\t\t\t<span class=\"wd-accordion-opener\"><\/span>\n\t\t\t\t\t<\/div>\n\n\t\t\t\t\t<div class=\"wd-accordion-content wd-entry-content\" data-accordion-index=\"1\">\n\t\t\t\t\t\t\t\t\t\t\t\t\t\n\t\t\t\t\t\t\t<p data-start=\"541\" data-end=\"645\">Oui, le retour ou l\u2019\u00e9change est possible sous certaines conditions.<\/p>\n\t\t\t\t\t\t\t\t\t\t\t\t\t\t\t\t\t\t<\/div>\n\t\t\t\t<\/div>\n\t\t\t\t\t\t\t\n\t\t\t\t<div class=\"wd-accordion-item\">\n\t\t\t\t\t<div class=\"wd-accordion-title wd-role-btn\" data-accordion-index=\"2\" tabindex=\"0\">\n\t\t\t\t\t\t<div class=\"wd-accordion-title-text\">\n\t\t\t\t\t\t\t\t\t\t\t\t\t\t<span>\n\t\t\t\t\t\t\t\tLes produits KIDS sont-ils s\u00fbrs ?\t\t\t\t\t\t\t<\/span>\n\t\t\t\t\t\t<\/div>\n\t\t\t\t\t\t<span class=\"wd-accordion-opener\"><\/span>\n\t\t\t\t\t<\/div>\n\n\t\t\t\t\t<div class=\"wd-accordion-content wd-entry-content\" data-accordion-index=\"2\">\n\t\t\t\t\t\t\t\t\t\t\t\t\t\n\t\t\t\t\t\t\t<p data-start=\"647\" data-end=\"769\">Oui, tous nos produits KIDS sont s\u00e9lectionn\u00e9s conform\u00e9ment aux normes de s\u00e9curit\u00e9.<\/p>\n\t\t\t\t\t\t\t\t\t\t\t\t\t\t\t\t\t\t<\/div>\n\t\t\t\t<\/div>\n\t\t\t\t\t<\/div>\n\t\t\t\t\t\t<\/div>\n\t\t\t\t<\/div>\n\t\t\t\t<\/div>\n\t\t\t\t<\/div>\n\t\t\t\t\t<\/div>\n\t\t\t\t<\/div>\n\t\t\t\t<\/div>","protected":false},"excerpt":{"rendered":"<p>\u00c0 propos de nous La maisonPage \u00c0 propos de nous KdoShop Kids &amp; Home est une boutique sp\u00e9cialis\u00e9e dans les<\/p>","protected":false},"author":3,"featured_media":0,"parent":0,"menu_order":0,"comment_status":"closed","ping_status":"closed","template":"","meta":{"_joinchat":[],"footnotes":""},"class_list":["post-18","page","type-page","status-publish","hentry"],"jetpack_sharing_enabled":true,"_links":{"self":[{"href":"https:\/\/kdoshop.ma\/ar\/wp-json\/wp\/v2\/pages\/18","targetHints":{"allow":["GET"]}}],"collection":[{"href":"https:\/\/kdoshop.ma\/ar\/wp-json\/wp\/v2\/pages"}],"about":[{"href":"https:\/\/kdoshop.ma\/ar\/wp-json\/wp\/v2\/types\/page"}],"author":[{"embeddable":true,"href":"https:\/\/kdoshop.ma\/ar\/wp-json\/wp\/v2\/users\/3"}],"replies":[{"embeddable":true,"href":"https:\/\/kdoshop.ma\/ar\/wp-json\/wp\/v2\/comments?post=18"}],"version-history":[{"count":10,"href":"https:\/\/kdoshop.ma\/ar\/wp-json\/wp\/v2\/pages\/18\/revisions"}],"predecessor-version":[{"id":3493,"href":"https:\/\/kdoshop.ma\/ar\/wp-json\/wp\/v2\/pages\/18\/revisions\/3493"}],"wp:attachment":[{"href":"https:\/\/kdoshop.ma\/ar\/wp-json\/wp\/v2\/media?parent=18"}],"curies":[{"name":"wp","href":"https:\/\/api.w.org\/{rel}","templated":true}]}}