{"id":3313,"date":"2026-01-26T20:58:47","date_gmt":"2026-01-26T20:58:47","guid":{"rendered":"https:\/\/kdoshop.ma\/?post_type=product&#038;p=3313"},"modified":"2026-01-26T22:32:05","modified_gmt":"2026-01-26T22:32:05","slug":"service-de-38-pieces-royale","status":"publish","type":"product","link":"https:\/\/kdoshop.ma\/ar\/product\/service-de-38-pieces-royale\/","title":{"rendered":"SERVICE DE 38 PIECES ROYALE"},"content":{"rendered":"<div class=\"Y3BBE\" data-sfc-cp=\"\" data-hveid=\"CAEIAxAA\" data-processed=\"true\" data-complete=\"true\"><strong class=\"Yjhzub\" data-complete=\"true\" data-processed=\"true\">Sublimez votre table au quotidien comme pour les grandes occasions gr\u00e2ce \u00e0 notre service de table 38 pi\u00e8ces, alliant design raffin\u00e9 et fonctionnalit\u00e9.<\/strong><\/div>\n<div class=\"Y3BBE\" data-sfc-cp=\"\" data-hveid=\"CAEIBBAA\" data-processed=\"true\" data-complete=\"true\">Con\u00e7u pour accueillir jusqu&rsquo;\u00e0\u00a0<strong class=\"Yjhzub\" data-complete=\"true\" data-processed=\"true\">6 INVITES.<\/strong><\/div>\n<div data-sfc-cp=\"\" data-hveid=\"CAEIBBAA\" data-processed=\"true\" data-complete=\"true\">\n<div class=\"qJYHHd mp0vvc\" data-xid=\"aim-mars-turn-root\" data-asrc=\"true\">\n<div class=\"tonYlb\" data-tr-rsts=\"false\">\n<div class=\"\">\n<div data-processed=\"true\">\n<div class=\"CKgc1d\" data-scope-id=\"turn\" data-processed=\"true\" data-complete=\"true\">\n<div class=\"Zkbeff\" data-subtree=\"aimc\" data-aimmrs=\"true\" data-wiz-uids=\"GwLpxe_2\" data-ved=\"2ahUKEwjQiubU6amSAxX6OfsDHZdyDU8Q2O0OegYIAQgAEAA\" data-hveid=\"CAEIABAA\" data-processed=\"true\" data-complete=\"true\">\n<div class=\"pWvJNd\" data-processed=\"true\" data-complete=\"true\">\n<div class=\"mZJni Dn7Fzd\" dir=\"ltr\" data-container-id=\"main-col\" data-xid=\"VpUvz\" data-ved=\"2ahUKEwjQiubU6amSAxX6OfsDHZdyDU8Q3KYQegYIAQgAEAE\" data-processed=\"true\">\n<div class=\"Y3BBE\" data-sfc-cp=\"\" data-hveid=\"CAEIBRAA\" data-complete=\"true\" data-processed=\"true\">Ce service harmonieux est compos\u00e9 des \u00e9l\u00e9ments essentiels pour un dressage de table impeccable :<\/div>\n<ul class=\"KsbFXc U6u95\" data-processed=\"true\" data-complete=\"true\">\n<li data-hveid=\"CAEIBhAA\" data-complete=\"true\" data-sae=\"\"><span class=\"T286Pc\" data-sfc-cp=\"\" data-complete=\"true\"><strong class=\"Yjhzub\" data-complete=\"true\">6 Assiettes plates ( 27 cm) :<\/strong>\u00a0Id\u00e9ales pour le plat principal.<\/span><\/li>\n<li data-hveid=\"CAEIBhAB\" data-complete=\"true\" data-sae=\"\"><span class=\"T286Pc\" data-sfc-cp=\"\" data-complete=\"true\"><strong class=\"Yjhzub\" data-complete=\"true\">6 Assiettes creuses ( 20,5 cm) :<\/strong> Parfaites pour p\u00e2tes et plats en sauce.<\/span><\/li>\n<li data-hveid=\"CAEIBhAD\" data-complete=\"true\" data-sae=\"\"><span class=\"T286Pc\" data-sfc-cp=\"\" data-complete=\"true\"><strong class=\"Yjhzub\" data-complete=\"true\">6 Tasses \u00e0 caf\u00e9 (220 ml) :<\/strong> Pour une pause-caf\u00e9 styl\u00e9e.<img loading=\"lazy\" decoding=\"async\" class=\"alignnone size-medium wp-image-3349\" src=\"https:\/\/kdoshop.ma\/wp-content\/uploads\/2026\/01\/ChatGPT-Image-15-janv.-2026-23_20_26-400x267.png\" alt=\"\" width=\"400\" height=\"267\" srcset=\"https:\/\/kdoshop.ma\/wp-content\/uploads\/2026\/01\/ChatGPT-Image-15-janv.-2026-23_20_26-400x267.png 400w, https:\/\/kdoshop.ma\/wp-content\/uploads\/2026\/01\/ChatGPT-Image-15-janv.-2026-23_20_26-1200x800.png 1200w, https:\/\/kdoshop.ma\/wp-content\/uploads\/2026\/01\/ChatGPT-Image-15-janv.-2026-23_20_26-768x512.png 768w, https:\/\/kdoshop.ma\/wp-content\/uploads\/2026\/01\/ChatGPT-Image-15-janv.-2026-23_20_26-430x287.png 430w, https:\/\/kdoshop.ma\/wp-content\/uploads\/2026\/01\/ChatGPT-Image-15-janv.-2026-23_20_26-700x467.png 700w, https:\/\/kdoshop.ma\/wp-content\/uploads\/2026\/01\/ChatGPT-Image-15-janv.-2026-23_20_26-150x100.png 150w, https:\/\/kdoshop.ma\/wp-content\/uploads\/2026\/01\/ChatGPT-Image-15-janv.-2026-23_20_26.png 1536w\" sizes=\"auto, (max-width: 400px) 100vw, 400px\" \/><\/span><\/li>\n<li data-hveid=\"CAEIBhAE\" data-complete=\"true\" data-sae=\"\"><span class=\"T286Pc\" data-sfc-cp=\"\" data-complete=\"true\"><strong class=\"Yjhzub\" data-complete=\"true\">6 Soucoupes assorties (15 cm) :<\/strong> L&rsquo;accessoire classique indispensable<\/span><\/li>\n<li data-hveid=\"CAEIBhAG\" data-complete=\"true\" data-sae=\"\"><span class=\"T286Pc\" data-sfc-cp=\"\" data-complete=\"true\"><strong class=\"Yjhzub\" data-complete=\"true\">1 Soupi\u00e8re (4 L) :<\/strong> Id\u00e9al pour vos soupes .<\/span><\/li>\n<li data-hveid=\"CAEIBhAH\" data-complete=\"true\" data-sae=\"\"><span class=\"T286Pc\" data-sfc-cp=\"\" data-complete=\"true\"><strong class=\"Yjhzub\" data-complete=\"true\">6 bols(14 cm) :<\/strong> Pour les soupes, les salades.<\/span><\/li>\n<\/ul>\n<div class=\"otQkpb\" role=\"heading\" aria-level=\"3\" data-animation-nesting=\"\" data-sfc-cp=\"\" data-processed=\"true\" data-sae=\"\" data-complete=\"true\">Caract\u00e9ristiques Principales :<\/div>\n<ul class=\"KsbFXc U6u95\" data-processed=\"true\" data-complete=\"true\">\n<li data-hveid=\"CAEIBxAA\" data-sae=\"\" data-complete=\"true\"><span class=\"T286Pc\" data-sfc-cp=\"\" data-complete=\"true\"><strong class=\"Yjhzub\" data-complete=\"true\">Mat\u00e9riau de Haute Qualit\u00e9 :<\/strong> Fabriqu\u00e9 en porcelaine fine, pour une r\u00e9sistance accrue aux chocs et une brillance durable.<\/span><\/li>\n<li data-hveid=\"CAEIBxAB\" data-complete=\"true\" data-processed=\"true\" data-sae=\"\"><span class=\"T286Pc\" data-sfc-cp=\"\" data-complete=\"true\"><strong class=\"Yjhzub\" data-complete=\"true\">Design Polyvalent :<\/strong><\/span><\/li>\n<li data-hveid=\"CAEIBxAB\" data-complete=\"true\" data-processed=\"true\" data-sae=\"\"><span class=\"T286Pc\" data-sfc-cp=\"\" data-complete=\"true\">Un style \u00e9pur\u00e9 et moderne.<\/span><\/li>\n<li data-hveid=\"CAEIBxAB\" data-complete=\"true\" data-processed=\"true\" data-sae=\"\"><strong class=\"Yjhzub\" data-complete=\"true\">Praticit\u00e9 Absolue :<\/strong>\u00a0L&rsquo;ensemble de la vaisselle passe au\u00a0<strong class=\"Yjhzub\" data-complete=\"true\">lave-vaisselle<\/strong>\u00a0et au\u00a0<strong class=\"Yjhzub\" data-complete=\"true\">micro-ondes<\/strong>\u00a0pour un usage quotidien simplifi\u00e9.<\/li>\n<li data-hveid=\"CAEIBxAD\" data-complete=\"true\" data-processed=\"true\" data-sae=\"\"><span class=\"T286Pc\" data-sfc-cp=\"\" data-complete=\"true\"><strong class=\"Yjhzub\" data-complete=\"true\">Finition :<\/strong> \u00e9maill\u00e9e brillante.<\/span><\/li>\n<\/ul>\n<div class=\"Fsg96\" data-sfc-cp=\"\" data-processed=\"true\" data-complete=\"true\"><\/div>\n<div class=\"otQkpb\" role=\"heading\" aria-level=\"3\" data-animation-nesting=\"\" data-sfc-cp=\"\" data-processed=\"true\" data-sae=\"\" data-complete=\"true\">Pourquoi choisir ce service ?<\/div>\n<div class=\"Y3BBE\" data-sfc-cp=\"\" data-hveid=\"CAEICBAA\" data-processed=\"true\" data-complete=\"true\">Que vous organisiez un d\u00eener formel ou partagiez un repas d\u00e9contract\u00e9 en famille, ce service 38 pi\u00e8ces offre la flexibilit\u00e9 et l&rsquo;\u00e9l\u00e9gance n\u00e9cessaires. Sa composition g\u00e9n\u00e9reuse vous assure d&rsquo;avoir toujours la pi\u00e8ce ad\u00e9quate sous la main, tout en maintenant une parfaite harmonie visuelle sur votre table. C&rsquo;est l&rsquo;investissement id\u00e9al pour un art de la table complet et durable.<\/div>\n<div class=\"Fsg96\" data-sfc-cp=\"\" data-processed=\"true\" data-complete=\"true\"><\/div>\n<div data-xid=\"Gd7Hsc\" data-sfc-cp=\"\" data-complete=\"true\" data-processed=\"true\">\n<div class=\"DBd2Wb\" data-complete=\"true\" data-processed=\"true\">\n<div class=\"zkL70c\" data-processed=\"true\">\n<div class=\"FYF80\" data-processed=\"true\"><\/div>\n<\/div>\n<\/div>\n<div data-zzy=\"1\" data-processed=\"true\"><\/div>\n<\/div>\n<div class=\"Fsg96\" data-sfc-cp=\"\" data-complete=\"true\" data-processed=\"true\"><\/div>\n<div data-subtree=\"aimba\" data-complete=\"true\" data-processed=\"true\"><\/div>\n<\/div>\n<div class=\"SGF5Lb\" data-processed=\"true\">\n<div data-container-id=\"6\" data-processed=\"true\"><\/div>\n<\/div>\n<div class=\"SGF5Lb\" data-processed=\"true\">\n<div data-container-id=\"7\" data-processed=\"true\"><\/div>\n<\/div>\n<div class=\"SGF5Lb\" data-processed=\"true\">\n<div data-container-id=\"8\" data-processed=\"true\"><\/div>\n<\/div>\n<div class=\"SGF5Lb\" data-processed=\"true\">\n<div data-container-id=\"9\" data-processed=\"true\"><\/div>\n<\/div>\n<div class=\"SGF5Lb\" data-processed=\"true\">\n<div data-container-id=\"10\" data-processed=\"true\"><\/div>\n<\/div>\n<div class=\"SGF5Lb\" data-processed=\"true\">\n<div data-container-id=\"11\" data-processed=\"true\"><\/div>\n<\/div>\n<\/div>\n<div class=\"\" data-complete=\"true\" data-processed=\"true\">\n<div class=\"ofHStc\" data-container-id=\"rhs-col\" data-ved=\"2ahUKEwjQiubU6amSAxX6OfsDHZdyDU8Q3aYQegYIAQgAEAI\" data-processed=\"true\">\n<div data-container-id=\"13\" data-processed=\"true\"><\/div>\n<\/div>\n<\/div>\n<div data-xid=\"aQR2uf\" data-processed=\"true\"><\/div>\n<\/div>\n<\/div>\n<div data-complete=\"true\" data-processed=\"true\"><\/div>\n<div data-complete=\"true\" data-processed=\"true\"><\/div>\n<div data-processed=\"true\"><\/div>\n<div data-processed=\"true\"><\/div>\n<div data-complete=\"true\" data-processed=\"true\"><\/div>\n<div data-processed=\"true\"><\/div>\n<div data-processed=\"true\"><\/div>\n<div data-processed=\"true\"><\/div>\n<div data-processed=\"true\"><\/div>\n<div data-complete=\"true\" data-processed=\"true\"><\/div>\n<div data-processed=\"true\"><\/div>\n<div data-processed=\"true\"><\/div>\n<div data-processed=\"true\"><\/div>\n<div data-processed=\"true\"><\/div>\n<div data-processed=\"true\"><\/div>\n<div data-processed=\"true\"><\/div>\n<div data-processed=\"true\"><\/div>\n<div data-processed=\"true\"><\/div>\n<div data-complete=\"true\" data-processed=\"true\"><\/div>\n<div data-processed=\"true\"><\/div>\n<div data-complete=\"true\" data-processed=\"true\"><\/div>\n<div data-complete=\"true\" data-processed=\"true\"><\/div>\n<div data-complete=\"true\" data-processed=\"true\"><\/div>\n<div data-complete=\"true\" data-processed=\"true\"><\/div>\n<div data-processed=\"true\"><\/div>\n<div data-mcsf=\"true\" data-processed=\"true\"><\/div>\n<\/div>\n<\/div>\n<\/div>\n<\/div>\n<div class=\"maNQof hh3ttd\"><\/div>\n<div class=\"y4VEUd vve6Ce\">\n<div class=\"t0ITR hh3ttd\">\n<div data-wiz-uids=\"E1qUof_23,E1qUof_24,E1qUof_25,E1qUof_26,E1qUof_27,E1qUof_28,E1qUof_29,E1qUof_2a,E1qUof_2b,E1qUof_2c\" data-signal-inputs=\"qs41qe=E1qUof_0\/fAZync;NfteUb=E1qUof_0\/NfteUb;ZWOdh=E1qUof_0\/iSc3Bd\">\n<div class=\"UAbVe iUTYAe YBkage sk67dc\" data-xid=\"aim-mars-input-plate\" data-active=\"input-plate-active\">\n<div><\/div>\n<div class=\"AgWCw\">\n<div class=\"Zze5V\" data-wiz-attrbind=\"class=E1qUof_22\/ycmk7d\"><\/div>\n<div class=\"jUiaTd\"><\/div>\n<div class=\"esoFne\">\n<div class=\"yaj8zd\">\n<div class=\"iLxK4c DoMzQb\" tabindex=\"-1\" data-sfc-cp=\"\" data-wiz-attrbind=\"class=E1qUof_2d\/R4Tih\" data-signal-inputs=\"YwES9e=E1qUof_22\/YwES9e\"><\/div>\n<\/div>\n<\/div>\n<\/div>\n<\/div>\n<\/div>\n<\/div>\n<\/div>\n<\/div>","protected":false},"excerpt":{"rendered":"<p><img loading=\"lazy\" decoding=\"async\" class=\"alignnone size-medium wp-image-3349\" src=\"https:\/\/kdoshop.ma\/wp-content\/uploads\/2026\/01\/ChatGPT-Image-15-janv.-2026-23_20_26-400x267.png\" alt=\"\" width=\"400\" height=\"267\" srcset=\"https:\/\/kdoshop.ma\/wp-content\/uploads\/2026\/01\/ChatGPT-Image-15-janv.-2026-23_20_26-400x267.png 400w, https:\/\/kdoshop.ma\/wp-content\/uploads\/2026\/01\/ChatGPT-Image-15-janv.-2026-23_20_26-1200x800.png 1200w, https:\/\/kdoshop.ma\/wp-content\/uploads\/2026\/01\/ChatGPT-Image-15-janv.-2026-23_20_26-768x512.png 768w, https:\/\/kdoshop.ma\/wp-content\/uploads\/2026\/01\/ChatGPT-Image-15-janv.-2026-23_20_26-430x287.png 430w, https:\/\/kdoshop.ma\/wp-content\/uploads\/2026\/01\/ChatGPT-Image-15-janv.-2026-23_20_26-700x467.png 700w, https:\/\/kdoshop.ma\/wp-content\/uploads\/2026\/01\/ChatGPT-Image-15-janv.-2026-23_20_26-150x100.png 150w, https:\/\/kdoshop.ma\/wp-content\/uploads\/2026\/01\/ChatGPT-Image-15-janv.-2026-23_20_26.png 1536w\" sizes=\"auto, (max-width: 400px) 100vw, 400px\" \/><\/p>","protected":false},"featured_media":3349,"comment_status":"closed","ping_status":"closed","template":"","meta":{"_joinchat":{"telephone":"+212672-10021"}},"product_brand":[],"product_cat":[113,15],"product_tag":[132,125,131],"class_list":{"0":"post-3313","1":"product","2":"type-product","3":"status-publish","4":"has-post-thumbnail","6":"product_cat-art-de-table","7":"product_cat-home","8":"product_tag-alliant-design-raffine-et-fonctionnalite-concu-pour-accueillir-jusqua-6-invites-ce-service-harmonieux-est-compose-des-elements-essentiels-pour-un-dressage-de-table-impeccable","9":"product_tag-service-de-38-pieces-de-la-marque-vaisselle-du-maroc","10":"product_tag-sublimez-votre-table-au-quotidien-comme-pour-les-grandes-occasions-grace-a-notre-service-de-table-38-pieces","12":"first","13":"instock","14":"sale","15":"shipping-taxable","16":"purchasable","17":"product-type-simple"},"jetpack_sharing_enabled":true,"_links":{"self":[{"href":"https:\/\/kdoshop.ma\/ar\/wp-json\/wp\/v2\/product\/3313","targetHints":{"allow":["GET"]}}],"collection":[{"href":"https:\/\/kdoshop.ma\/ar\/wp-json\/wp\/v2\/product"}],"about":[{"href":"https:\/\/kdoshop.ma\/ar\/wp-json\/wp\/v2\/types\/product"}],"replies":[{"embeddable":true,"href":"https:\/\/kdoshop.ma\/ar\/wp-json\/wp\/v2\/comments?post=3313"}],"version-history":[{"count":7,"href":"https:\/\/kdoshop.ma\/ar\/wp-json\/wp\/v2\/product\/3313\/revisions"}],"predecessor-version":[{"id":3350,"href":"https:\/\/kdoshop.ma\/ar\/wp-json\/wp\/v2\/product\/3313\/revisions\/3350"}],"wp:featuredmedia":[{"embeddable":true,"href":"https:\/\/kdoshop.ma\/ar\/wp-json\/wp\/v2\/media\/3349"}],"wp:attachment":[{"href":"https:\/\/kdoshop.ma\/ar\/wp-json\/wp\/v2\/media?parent=3313"}],"wp:term":[{"taxonomy":"product_brand","embeddable":true,"href":"https:\/\/kdoshop.ma\/ar\/wp-json\/wp\/v2\/product_brand?post=3313"},{"taxonomy":"product_cat","embeddable":true,"href":"https:\/\/kdoshop.ma\/ar\/wp-json\/wp\/v2\/product_cat?post=3313"},{"taxonomy":"product_tag","embeddable":true,"href":"https:\/\/kdoshop.ma\/ar\/wp-json\/wp\/v2\/product_tag?post=3313"}],"curies":[{"name":"wp","href":"https:\/\/api.w.org\/{rel}","templated":true}]}}