{"id":3326,"date":"2026-01-26T21:17:07","date_gmt":"2026-01-26T21:17:07","guid":{"rendered":"https:\/\/kdoshop.ma\/?post_type=product&#038;p=3326"},"modified":"2026-01-26T22:28:27","modified_gmt":"2026-01-26T22:28:27","slug":"carte-uno","status":"publish","type":"product","link":"https:\/\/kdoshop.ma\/ar\/product\/carte-uno\/","title":{"rendered":"\u0623\u0648\u0646\u0648 \u0627\u0644\u0645\u062c\u0644\u0633"},"content":{"rendered":"<p><img loading=\"lazy\" decoding=\"async\" class=\"alignnone size-medium wp-image-3327\" src=\"https:\/\/kdoshop.ma\/wp-content\/uploads\/2026\/01\/CARTE-UNO-398x300.jpg\" alt=\"\" width=\"398\" height=\"300\" srcset=\"https:\/\/kdoshop.ma\/wp-content\/uploads\/2026\/01\/CARTE-UNO-398x300.jpg 398w, https:\/\/kdoshop.ma\/wp-content\/uploads\/2026\/01\/CARTE-UNO-768x579.jpg 768w, https:\/\/kdoshop.ma\/wp-content\/uploads\/2026\/01\/CARTE-UNO-430x324.jpg 430w, https:\/\/kdoshop.ma\/wp-content\/uploads\/2026\/01\/CARTE-UNO-700x527.jpg 700w, https:\/\/kdoshop.ma\/wp-content\/uploads\/2026\/01\/CARTE-UNO-150x113.jpg 150w, https:\/\/kdoshop.ma\/wp-content\/uploads\/2026\/01\/CARTE-UNO.jpg 856w\" sizes=\"auto, (max-width: 398px) 100vw, 398px\" \/> <img loading=\"lazy\" decoding=\"async\" class=\"alignnone size-medium wp-image-3329\" src=\"https:\/\/kdoshop.ma\/wp-content\/uploads\/2026\/01\/CARTE-UNO-2-339x300.jpg\" alt=\"\" width=\"339\" height=\"300\" srcset=\"https:\/\/kdoshop.ma\/wp-content\/uploads\/2026\/01\/CARTE-UNO-2-339x300.jpg 339w, https:\/\/kdoshop.ma\/wp-content\/uploads\/2026\/01\/CARTE-UNO-2-430x380.jpg 430w, https:\/\/kdoshop.ma\/wp-content\/uploads\/2026\/01\/CARTE-UNO-2-150x133.jpg 150w, https:\/\/kdoshop.ma\/wp-content\/uploads\/2026\/01\/CARTE-UNO-2.jpg 500w\" sizes=\"auto, (max-width: 339px) 100vw, 339px\" \/>Pour gagner une manche de\u00a0<b>Uno<\/b>, il faut \u00eatre le premier joueur \u00e0 se d\u00e9fausser de la derni\u00e8re carte de sa main. La manche s&rsquo;arr\u00eate alors (apr\u00e8s les pioches de cartes \u00e9ventuelles), et l&rsquo;on compte les points. Le jeu continue, manche par manche, jusqu&rsquo;\u00e0 ce qu&rsquo;un joueur atteigne 500\u00a0points.<\/p>\n<p>Pour comptabiliser les points, il existe alors deux \u00ab\u00a0\u00e9coles\u00a0\u00bb\u00a0:<\/p>\n<ul>\n<li>Certains comptabilisent les points des perdants, et 0 point pour le vainqueur de la manche. Le vainqueur de la partie est le joueur qui a le moins de points lorsque l&rsquo;un des joueurs atteint 500 points\u00a0;<\/li>\n<li>D&rsquo;autres comptabilisent les points au gagnant de la manche, qui engrange les points de tous ses adversaires vaincus. L\u00e0, le vainqueur de la partie est celui qui atteint le premier les fameux 500 points. C&rsquo;est la version qui est employ\u00e9e par le jeu vid\u00e9o officiel.<\/li>\n<li>Certains joueurs comptent plut\u00f4t le nombre de manches gagn\u00e9es que le score en points. Cette version est plus appropri\u00e9e pour les enfants et permet \u00e9galement de plus courtes parties\u00a0: le premier \u00e0 remporter 3 manches par exemple.<\/li>\n<\/ul>","protected":false},"excerpt":{"rendered":"<p><img loading=\"lazy\" decoding=\"async\" class=\"alignnone size-medium wp-image-3327\" src=\"https:\/\/kdoshop.ma\/wp-content\/uploads\/2026\/01\/CARTE-UNO-398x300.jpg\" alt=\"\" width=\"398\" height=\"300\" srcset=\"https:\/\/kdoshop.ma\/wp-content\/uploads\/2026\/01\/CARTE-UNO-398x300.jpg 398w, https:\/\/kdoshop.ma\/wp-content\/uploads\/2026\/01\/CARTE-UNO-768x579.jpg 768w, https:\/\/kdoshop.ma\/wp-content\/uploads\/2026\/01\/CARTE-UNO-430x324.jpg 430w, https:\/\/kdoshop.ma\/wp-content\/uploads\/2026\/01\/CARTE-UNO-700x527.jpg 700w, https:\/\/kdoshop.ma\/wp-content\/uploads\/2026\/01\/CARTE-UNO-150x113.jpg 150w, https:\/\/kdoshop.ma\/wp-content\/uploads\/2026\/01\/CARTE-UNO.jpg 856w\" sizes=\"auto, (max-width: 398px) 100vw, 398px\" \/><\/p>","protected":false},"featured_media":3327,"comment_status":"closed","ping_status":"closed","template":"","meta":{"_joinchat":{"telephone":"+212667210021"}},"product_brand":[],"product_cat":[119,112],"product_tag":[128,127,130,129,126],"class_list":{"0":"post-3326","1":"product","2":"type-product","3":"status-publish","4":"has-post-thumbnail","6":"product_cat-jeux-jouets","7":"product_cat-kids","8":"product_tag-et-lon-compte-les-points-le-jeu-continue","9":"product_tag-il-faut-etre-le-premier-joueur-a-se-defausser-de-la-derniere-carte-de-sa-main-la-manche-sarrete-alors-apres-les-pioches-de-cartes-eventuelles","10":"product_tag-jusqua-ce-quun-joueur-atteigne-500-points","11":"product_tag-manche-par-manche","12":"product_tag-pour-gagner-une-manche-de-uno","14":"first","15":"instock","16":"sale","17":"shipping-taxable","18":"purchasable","19":"product-type-simple"},"jetpack_sharing_enabled":true,"_links":{"self":[{"href":"https:\/\/kdoshop.ma\/ar\/wp-json\/wp\/v2\/product\/3326","targetHints":{"allow":["GET"]}}],"collection":[{"href":"https:\/\/kdoshop.ma\/ar\/wp-json\/wp\/v2\/product"}],"about":[{"href":"https:\/\/kdoshop.ma\/ar\/wp-json\/wp\/v2\/types\/product"}],"replies":[{"embeddable":true,"href":"https:\/\/kdoshop.ma\/ar\/wp-json\/wp\/v2\/comments?post=3326"}],"version-history":[{"count":3,"href":"https:\/\/kdoshop.ma\/ar\/wp-json\/wp\/v2\/product\/3326\/revisions"}],"predecessor-version":[{"id":3331,"href":"https:\/\/kdoshop.ma\/ar\/wp-json\/wp\/v2\/product\/3326\/revisions\/3331"}],"wp:featuredmedia":[{"embeddable":true,"href":"https:\/\/kdoshop.ma\/ar\/wp-json\/wp\/v2\/media\/3327"}],"wp:attachment":[{"href":"https:\/\/kdoshop.ma\/ar\/wp-json\/wp\/v2\/media?parent=3326"}],"wp:term":[{"taxonomy":"product_brand","embeddable":true,"href":"https:\/\/kdoshop.ma\/ar\/wp-json\/wp\/v2\/product_brand?post=3326"},{"taxonomy":"product_cat","embeddable":true,"href":"https:\/\/kdoshop.ma\/ar\/wp-json\/wp\/v2\/product_cat?post=3326"},{"taxonomy":"product_tag","embeddable":true,"href":"https:\/\/kdoshop.ma\/ar\/wp-json\/wp\/v2\/product_tag?post=3326"}],"curies":[{"name":"wp","href":"https:\/\/api.w.org\/{rel}","templated":true}]}}