{"id":3334,"date":"2026-01-26T21:34:56","date_gmt":"2026-01-26T21:34:56","guid":{"rendered":"https:\/\/kdoshop.ma\/?post_type=product&#038;p=3334"},"modified":"2026-01-26T21:57:30","modified_gmt":"2026-01-26T21:57:30","slug":"tapis-musical-deveil-et-dactivite-piano-dauphin-bleu-huanger","status":"publish","type":"product","link":"https:\/\/kdoshop.ma\/ar\/product\/tapis-musical-deveil-et-dactivite-piano-dauphin-bleu-huanger\/","title":{"rendered":"\u0627\u0644\u0633\u062c\u0627\u062f \u0627\u0644\u0645\u0648\u0633\u064a\u0642\u064a\u0629 \u0627\u0644\u0635\u062d\u0648\u0629 \u0648\u0627\u0644\u0646\u0634\u0627\u0637 \u0627\u0644\u0628\u064a\u0627\u0646\u0648 \u0627\u0644\u0623\u0632\u0631\u0642 \u062f\u0648\u0644\u0641\u064a\u0646 \u2013 HUANGER"},"content":{"rendered":"<p><img loading=\"lazy\" decoding=\"async\" class=\"alignnone size-medium wp-image-3335\" src=\"https:\/\/kdoshop.ma\/wp-content\/uploads\/2026\/01\/TAPIS-BEBE-300x300.webp\" alt=\"\" width=\"300\" height=\"300\" srcset=\"https:\/\/kdoshop.ma\/wp-content\/uploads\/2026\/01\/TAPIS-BEBE-300x300.webp 300w, https:\/\/kdoshop.ma\/wp-content\/uploads\/2026\/01\/TAPIS-BEBE-150x150.webp 150w, https:\/\/kdoshop.ma\/wp-content\/uploads\/2026\/01\/TAPIS-BEBE-430x430.webp 430w, https:\/\/kdoshop.ma\/wp-content\/uploads\/2026\/01\/TAPIS-BEBE-700x700.webp 700w, https:\/\/kdoshop.ma\/wp-content\/uploads\/2026\/01\/TAPIS-BEBE.webp 720w\" sizes=\"auto, (max-width: 300px) 100vw, 300px\" \/><\/p>","protected":false},"excerpt":{"rendered":"<p><img loading=\"lazy\" decoding=\"async\" class=\"alignnone size-medium wp-image-3336\" src=\"https:\/\/kdoshop.ma\/wp-content\/uploads\/2026\/01\/TAPIS-BEBE-2-300x300.webp\" alt=\"\" width=\"300\" height=\"300\" srcset=\"https:\/\/kdoshop.ma\/wp-content\/uploads\/2026\/01\/TAPIS-BEBE-2-300x300.webp 300w, https:\/\/kdoshop.ma\/wp-content\/uploads\/2026\/01\/TAPIS-BEBE-2-150x150.webp 150w, https:\/\/kdoshop.ma\/wp-content\/uploads\/2026\/01\/TAPIS-BEBE-2-430x430.webp 430w, https:\/\/kdoshop.ma\/wp-content\/uploads\/2026\/01\/TAPIS-BEBE-2.webp 680w\" sizes=\"auto, (max-width: 300px) 100vw, 300px\" \/><\/p>\n<h2>D\u00e9couvrez le\u00a0<strong>tapis d\u2019\u00e9veil musical Dauphin Bleu de Huanger,<\/strong>\u00a0id\u00e9al d\u00e8s la naissance pour accompagner votre b\u00e9b\u00e9 dans son d\u00e9veloppement sensoriel et moteur. Inspir\u00e9 du monde marin, ce centre d\u2019activit\u00e9s interactif offre \u00e0 votre b\u00e9b\u00e9 un univers de d\u00e9couvertes, de jeux et de d\u00e9tente.<\/h2>","protected":false},"featured_media":3335,"comment_status":"closed","ping_status":"closed","template":"","meta":{"_joinchat":[]},"product_brand":[],"product_cat":[120,112],"product_tag":[],"class_list":{"0":"post-3334","1":"product","2":"type-product","3":"status-publish","4":"has-post-thumbnail","6":"product_cat-bebe","7":"product_cat-kids","9":"first","10":"instock","11":"sale","12":"shipping-taxable","13":"purchasable","14":"product-type-simple"},"jetpack_sharing_enabled":true,"_links":{"self":[{"href":"https:\/\/kdoshop.ma\/ar\/wp-json\/wp\/v2\/product\/3334","targetHints":{"allow":["GET"]}}],"collection":[{"href":"https:\/\/kdoshop.ma\/ar\/wp-json\/wp\/v2\/product"}],"about":[{"href":"https:\/\/kdoshop.ma\/ar\/wp-json\/wp\/v2\/types\/product"}],"replies":[{"embeddable":true,"href":"https:\/\/kdoshop.ma\/ar\/wp-json\/wp\/v2\/comments?post=3334"}],"version-history":[{"count":1,"href":"https:\/\/kdoshop.ma\/ar\/wp-json\/wp\/v2\/product\/3334\/revisions"}],"predecessor-version":[{"id":3337,"href":"https:\/\/kdoshop.ma\/ar\/wp-json\/wp\/v2\/product\/3334\/revisions\/3337"}],"wp:featuredmedia":[{"embeddable":true,"href":"https:\/\/kdoshop.ma\/ar\/wp-json\/wp\/v2\/media\/3335"}],"wp:attachment":[{"href":"https:\/\/kdoshop.ma\/ar\/wp-json\/wp\/v2\/media?parent=3334"}],"wp:term":[{"taxonomy":"product_brand","embeddable":true,"href":"https:\/\/kdoshop.ma\/ar\/wp-json\/wp\/v2\/product_brand?post=3334"},{"taxonomy":"product_cat","embeddable":true,"href":"https:\/\/kdoshop.ma\/ar\/wp-json\/wp\/v2\/product_cat?post=3334"},{"taxonomy":"product_tag","embeddable":true,"href":"https:\/\/kdoshop.ma\/ar\/wp-json\/wp\/v2\/product_tag?post=3334"}],"curies":[{"name":"wp","href":"https:\/\/api.w.org\/{rel}","templated":true}]}}