{"id":3351,"date":"2026-01-26T22:43:27","date_gmt":"2026-01-26T22:43:27","guid":{"rendered":"https:\/\/kdoshop.ma\/?post_type=product&#038;p=3351"},"modified":"2026-01-26T22:43:27","modified_gmt":"2026-01-26T22:43:27","slug":"trotteur-multifonction-pour-bebe-voiture-a-roulettes-avec-musique-6-mois","status":"publish","type":"product","link":"https:\/\/kdoshop.ma\/ar\/product\/trotteur-multifonction-pour-bebe-voiture-a-roulettes-avec-musique-6-mois\/","title":{"rendered":"\u0648\u0648\u0643\u0631 \u0645\u062a\u0639\u062f\u062f\u0629 \u0627\u0644\u0648\u0638\u0627\u0626\u0641 \u0644\u0644\u0637\u0641\u0644, \u0633\u064a\u0627\u0631\u0629 \u0628\u0643\u0631\u0629 \u0645\u0639 \u0627\u0644\u0645\u0648\u0633\u064a\u0642\u0649 \u2013 6 \u0623\u0634\u0647\u0631+"},"content":{"rendered":"<h1 class=\"-fs20 -pts -pbxs\">Trotteur multifonction pour b\u00e9b\u00e9, voiture \u00e0 roulettes avec musique &#8211; 6 mo<\/h1>\n<p>Gr\u00e2ce \u00e0 ce trotteur solide et stable et \u00e0 son tableau de dessin, B\u00e9b\u00e9 fait ses premiers pas en toute s\u00e9curit\u00e9.<\/p>\n<p>Il d\u00e9couvre les animaux de la ferme, le T\u00e9l\u00e9phone, les couleurs, les formes et des sons amusants tout en s\u2019initiant aux joies de la conduite.<\/p>\n<p>Trotteur avec un soleil lumineux, un t\u00e9l\u00e9phone-hochet amovible, un piano, des engrenages et des formes \u00e0 encastrer.<\/p>\n<p>Age : 9-36 MOIS<br \/>\nMarque ; Huanger<img loading=\"lazy\" decoding=\"async\" class=\"alignnone size-full wp-image-3352\" src=\"https:\/\/kdoshop.ma\/wp-content\/uploads\/2026\/01\/TROTTEUR-BEBE.jpg\" alt=\"Gr\u00e2ce \u00e0 ce trotteur solide et stable et \u00e0 son tableau de dessin, B\u00e9b\u00e9 fait ses premiers pas en toute s\u00e9curit\u00e9. Il d\u00e9couvre les animaux de la ferme, le T\u00e9l\u00e9phone, les couleurs, les formes et des sons amusants tout en s\u2019initiant aux joies de la conduite. Trotteur avec un soleil lumineux, un t\u00e9l\u00e9phone-hochet amovible, un piano, des engrenages et des formes \u00e0 encastrer. Age : 9-36 MOIS\" width=\"225\" height=\"225\" srcset=\"https:\/\/kdoshop.ma\/wp-content\/uploads\/2026\/01\/TROTTEUR-BEBE.jpg 225w, https:\/\/kdoshop.ma\/wp-content\/uploads\/2026\/01\/TROTTEUR-BEBE-150x150.jpg 150w\" sizes=\"auto, (max-width: 225px) 100vw, 225px\" \/><\/p>","protected":false},"excerpt":{"rendered":"<p><img loading=\"lazy\" decoding=\"async\" class=\"alignnone size-full wp-image-3352\" src=\"https:\/\/kdoshop.ma\/wp-content\/uploads\/2026\/01\/TROTTEUR-BEBE.jpg\" alt=\"Gr\u00e2ce \u00e0 ce trotteur solide et stable et \u00e0 son tableau de dessin, B\u00e9b\u00e9 fait ses premiers pas en toute s\u00e9curit\u00e9. Il d\u00e9couvre les animaux de la ferme, le T\u00e9l\u00e9phone, les couleurs, les formes et des sons amusants tout en s\u2019initiant aux joies de la conduite. Trotteur avec un soleil lumineux, un t\u00e9l\u00e9phone-hochet amovible, un piano, des engrenages et des formes \u00e0 encastrer. Age : 9-36 MOIS\" width=\"225\" height=\"225\" srcset=\"https:\/\/kdoshop.ma\/wp-content\/uploads\/2026\/01\/TROTTEUR-BEBE.jpg 225w, https:\/\/kdoshop.ma\/wp-content\/uploads\/2026\/01\/TROTTEUR-BEBE-150x150.jpg 150w\" sizes=\"auto, (max-width: 225px) 100vw, 225px\" \/><\/p>","protected":false},"featured_media":3352,"comment_status":"closed","ping_status":"closed","template":"","meta":{"_joinchat":{"telephone":"+212667210021"}},"product_brand":[],"product_cat":[120,112],"product_tag":[134,140,133,135,136,137,139,138],"class_list":{"0":"post-3351","1":"product","2":"type-product","3":"status-publish","4":"has-post-thumbnail","6":"product_cat-bebe","7":"product_cat-kids","8":"product_tag-bebe-fait-ses-premiers-pas-en-toute-securite-il-decouvre-les-animaux-de-la-ferme","9":"product_tag-des-engrenages-et-des-formes-a-encastrer-age-9-36-mois-marque-huanger","10":"product_tag-grace-a-ce-trotteur-solide-et-stable-et-a-son-tableau-de-dessin","11":"product_tag-le-telephone","12":"product_tag-les-couleurs","13":"product_tag-les-formes-et-des-sons-amusants-tout-en-sinitiant-aux-joies-de-la-conduite-trotteur-avec-un-soleil-lumineux","14":"product_tag-un-piano","15":"product_tag-un-telephone-hochet-amovible","17":"first","18":"instock","19":"sale","20":"shipping-taxable","21":"purchasable","22":"product-type-simple"},"jetpack_sharing_enabled":true,"_links":{"self":[{"href":"https:\/\/kdoshop.ma\/ar\/wp-json\/wp\/v2\/product\/3351","targetHints":{"allow":["GET"]}}],"collection":[{"href":"https:\/\/kdoshop.ma\/ar\/wp-json\/wp\/v2\/product"}],"about":[{"href":"https:\/\/kdoshop.ma\/ar\/wp-json\/wp\/v2\/types\/product"}],"replies":[{"embeddable":true,"href":"https:\/\/kdoshop.ma\/ar\/wp-json\/wp\/v2\/comments?post=3351"}],"version-history":[{"count":1,"href":"https:\/\/kdoshop.ma\/ar\/wp-json\/wp\/v2\/product\/3351\/revisions"}],"predecessor-version":[{"id":3353,"href":"https:\/\/kdoshop.ma\/ar\/wp-json\/wp\/v2\/product\/3351\/revisions\/3353"}],"wp:featuredmedia":[{"embeddable":true,"href":"https:\/\/kdoshop.ma\/ar\/wp-json\/wp\/v2\/media\/3352"}],"wp:attachment":[{"href":"https:\/\/kdoshop.ma\/ar\/wp-json\/wp\/v2\/media?parent=3351"}],"wp:term":[{"taxonomy":"product_brand","embeddable":true,"href":"https:\/\/kdoshop.ma\/ar\/wp-json\/wp\/v2\/product_brand?post=3351"},{"taxonomy":"product_cat","embeddable":true,"href":"https:\/\/kdoshop.ma\/ar\/wp-json\/wp\/v2\/product_cat?post=3351"},{"taxonomy":"product_tag","embeddable":true,"href":"https:\/\/kdoshop.ma\/ar\/wp-json\/wp\/v2\/product_tag?post=3351"}],"curies":[{"name":"wp","href":"https:\/\/api.w.org\/{rel}","templated":true}]}}