{"id":3357,"date":"2026-01-26T22:57:53","date_gmt":"2026-01-26T22:57:53","guid":{"rendered":"https:\/\/kdoshop.ma\/?post_type=product&#038;p=3357"},"modified":"2026-01-26T23:08:30","modified_gmt":"2026-01-26T23:08:30","slug":"service-de-38-pieces-simple-et-raffine","status":"publish","type":"product","link":"https:\/\/kdoshop.ma\/ar\/product\/service-de-38-pieces-simple-et-raffine\/","title":{"rendered":"SERVICE DE 38 PIECES SIMPLE ET RAFFINE"},"content":{"rendered":"<p><img loading=\"lazy\" decoding=\"async\" class=\"alignnone size-medium wp-image-3358\" src=\"https:\/\/kdoshop.ma\/wp-content\/uploads\/2026\/01\/SERVICE-DE-38-PCS-SIMPLE-ET-RAFINE-400x267.jpg\" alt=\"SERVICE SIMPLE \" width=\"400\" height=\"267\" srcset=\"https:\/\/kdoshop.ma\/wp-content\/uploads\/2026\/01\/SERVICE-DE-38-PCS-SIMPLE-ET-RAFINE-400x267.jpg 400w, https:\/\/kdoshop.ma\/wp-content\/uploads\/2026\/01\/SERVICE-DE-38-PCS-SIMPLE-ET-RAFINE-1200x800.jpg 1200w, https:\/\/kdoshop.ma\/wp-content\/uploads\/2026\/01\/SERVICE-DE-38-PCS-SIMPLE-ET-RAFINE-768x512.jpg 768w, https:\/\/kdoshop.ma\/wp-content\/uploads\/2026\/01\/SERVICE-DE-38-PCS-SIMPLE-ET-RAFINE-430x287.jpg 430w, https:\/\/kdoshop.ma\/wp-content\/uploads\/2026\/01\/SERVICE-DE-38-PCS-SIMPLE-ET-RAFINE-700x467.jpg 700w, https:\/\/kdoshop.ma\/wp-content\/uploads\/2026\/01\/SERVICE-DE-38-PCS-SIMPLE-ET-RAFINE-150x100.jpg 150w, https:\/\/kdoshop.ma\/wp-content\/uploads\/2026\/01\/SERVICE-DE-38-PCS-SIMPLE-ET-RAFINE.jpg 1536w\" sizes=\"auto, (max-width: 400px) 100vw, 400px\" \/><\/p>","protected":false},"excerpt":{"rendered":"<p>Service de table 38 pi\u00e8ces \u2013 \u00c9l\u00e9gance orientale &amp; esprit Ramadan<\/p>\n<p>Ce service de table de 38 pi\u00e8ces incarne le raffinement et la convivialit\u00e9, id\u00e9al pour sublimer vos tables lors du mois de Ramadan, des r\u00e9ceptions familiales ou des d\u00eeners \u00e9l\u00e9gants.<\/p>\n<p>R\u00e9alis\u00e9 en porcelaine blanche de haute qualit\u00e9, il se distingue par de d\u00e9licats motifs argent\u00e9s finement travaill\u00e9s, apportant une touche orientale chic et intemporelle. Les lignes sont harmonieuses, sobres et lumineuses, parfaitement mises en valeur par une table ronde et une ambiance chaleureuse<img loading=\"lazy\" decoding=\"async\" class=\"alignnone size-medium wp-image-3358\" src=\"https:\/\/kdoshop.ma\/wp-content\/uploads\/2026\/01\/SERVICE-DE-38-PCS-SIMPLE-ET-RAFINE-400x267.jpg\" alt=\"SERVICE SIMPLE\" width=\"400\" height=\"267\" srcset=\"https:\/\/kdoshop.ma\/wp-content\/uploads\/2026\/01\/SERVICE-DE-38-PCS-SIMPLE-ET-RAFINE-400x267.jpg 400w, https:\/\/kdoshop.ma\/wp-content\/uploads\/2026\/01\/SERVICE-DE-38-PCS-SIMPLE-ET-RAFINE-1200x800.jpg 1200w, https:\/\/kdoshop.ma\/wp-content\/uploads\/2026\/01\/SERVICE-DE-38-PCS-SIMPLE-ET-RAFINE-768x512.jpg 768w, https:\/\/kdoshop.ma\/wp-content\/uploads\/2026\/01\/SERVICE-DE-38-PCS-SIMPLE-ET-RAFINE-430x287.jpg 430w, https:\/\/kdoshop.ma\/wp-content\/uploads\/2026\/01\/SERVICE-DE-38-PCS-SIMPLE-ET-RAFINE-700x467.jpg 700w, https:\/\/kdoshop.ma\/wp-content\/uploads\/2026\/01\/SERVICE-DE-38-PCS-SIMPLE-ET-RAFINE-150x100.jpg 150w, https:\/\/kdoshop.ma\/wp-content\/uploads\/2026\/01\/SERVICE-DE-38-PCS-SIMPLE-ET-RAFINE.jpg 1536w\" sizes=\"auto, (max-width: 400px) 100vw, 400px\" \/><\/p>","protected":false},"featured_media":3358,"comment_status":"closed","ping_status":"closed","template":"","meta":{"_joinchat":[]},"product_brand":[],"product_cat":[113,15],"product_tag":[142,141],"class_list":{"0":"post-3357","1":"product","2":"type-product","3":"status-publish","4":"has-post-thumbnail","6":"product_cat-art-de-table","7":"product_cat-home","8":"product_tag-service-38-pieces","9":"product_tag-vaisselle","11":"first","12":"instock","13":"sale","14":"shipping-taxable","15":"purchasable","16":"product-type-simple"},"jetpack_sharing_enabled":true,"_links":{"self":[{"href":"https:\/\/kdoshop.ma\/ar\/wp-json\/wp\/v2\/product\/3357","targetHints":{"allow":["GET"]}}],"collection":[{"href":"https:\/\/kdoshop.ma\/ar\/wp-json\/wp\/v2\/product"}],"about":[{"href":"https:\/\/kdoshop.ma\/ar\/wp-json\/wp\/v2\/types\/product"}],"replies":[{"embeddable":true,"href":"https:\/\/kdoshop.ma\/ar\/wp-json\/wp\/v2\/comments?post=3357"}],"version-history":[{"count":1,"href":"https:\/\/kdoshop.ma\/ar\/wp-json\/wp\/v2\/product\/3357\/revisions"}],"predecessor-version":[{"id":3359,"href":"https:\/\/kdoshop.ma\/ar\/wp-json\/wp\/v2\/product\/3357\/revisions\/3359"}],"wp:featuredmedia":[{"embeddable":true,"href":"https:\/\/kdoshop.ma\/ar\/wp-json\/wp\/v2\/media\/3358"}],"wp:attachment":[{"href":"https:\/\/kdoshop.ma\/ar\/wp-json\/wp\/v2\/media?parent=3357"}],"wp:term":[{"taxonomy":"product_brand","embeddable":true,"href":"https:\/\/kdoshop.ma\/ar\/wp-json\/wp\/v2\/product_brand?post=3357"},{"taxonomy":"product_cat","embeddable":true,"href":"https:\/\/kdoshop.ma\/ar\/wp-json\/wp\/v2\/product_cat?post=3357"},{"taxonomy":"product_tag","embeddable":true,"href":"https:\/\/kdoshop.ma\/ar\/wp-json\/wp\/v2\/product_tag?post=3357"}],"curies":[{"name":"wp","href":"https:\/\/api.w.org\/{rel}","templated":true}]}}