{"id":3371,"date":"2026-01-26T23:30:31","date_gmt":"2026-01-26T23:30:31","guid":{"rendered":"https:\/\/kdoshop.ma\/?post_type=product&#038;p=3371"},"modified":"2026-01-26T23:32:03","modified_gmt":"2026-01-26T23:32:03","slug":"service-de-38-pcs-oiseau","status":"publish","type":"product","link":"https:\/\/kdoshop.ma\/ar\/product\/service-de-38-pcs-oiseau\/","title":{"rendered":"SERVICE DE 38 PCS OISEAU"},"content":{"rendered":"<p>Service de table 38 pi\u00e8ces \u2013 \u00c9l\u00e9gance orientale &amp; esprit Ramadan<\/p>\n<p>Ce service de table de 38 pi\u00e8ces incarne le raffinement et la convivialit\u00e9, id\u00e9al pour sublimer vos tables lors du mois de Ramadan, des r\u00e9ceptions familiales ou des d\u00eeners \u00e9l\u00e9gants.<\/p>\n<p>R\u00e9alis\u00e9 en porcelaine blanche de haute qualit\u00e9, il se distingue par de d\u00e9licats motifs argent\u00e9s finement travaill\u00e9s, apportant une touche orientale chic et intemporelle. Les lignes sont harmonieuses, sobres et lumineuses, parfaitement mises en valeur par une table ronde et une ambiance chaleureuse<img loading=\"lazy\" decoding=\"async\" class=\"alignnone size-medium wp-image-3372\" src=\"https:\/\/kdoshop.ma\/wp-content\/uploads\/2026\/01\/ChatGPT-Image-27-janv.-2026-00_26_28-400x267.png\" alt=\"\" width=\"400\" height=\"267\" srcset=\"https:\/\/kdoshop.ma\/wp-content\/uploads\/2026\/01\/ChatGPT-Image-27-janv.-2026-00_26_28-400x267.png 400w, https:\/\/kdoshop.ma\/wp-content\/uploads\/2026\/01\/ChatGPT-Image-27-janv.-2026-00_26_28-1200x800.png 1200w, https:\/\/kdoshop.ma\/wp-content\/uploads\/2026\/01\/ChatGPT-Image-27-janv.-2026-00_26_28-768x512.png 768w, https:\/\/kdoshop.ma\/wp-content\/uploads\/2026\/01\/ChatGPT-Image-27-janv.-2026-00_26_28-430x287.png 430w, https:\/\/kdoshop.ma\/wp-content\/uploads\/2026\/01\/ChatGPT-Image-27-janv.-2026-00_26_28-700x467.png 700w, https:\/\/kdoshop.ma\/wp-content\/uploads\/2026\/01\/ChatGPT-Image-27-janv.-2026-00_26_28-150x100.png 150w, https:\/\/kdoshop.ma\/wp-content\/uploads\/2026\/01\/ChatGPT-Image-27-janv.-2026-00_26_28.png 1536w\" sizes=\"auto, (max-width: 400px) 100vw, 400px\" \/><\/p>","protected":false},"excerpt":{"rendered":"<p>Service de table 38 pi\u00e8ces \u2013 \u00c9l\u00e9gance orientale &amp; esprit Ramadan<\/p>\n<p>Ce service de table de 38 pi\u00e8ces incarne le raffinement et la convivialit\u00e9, id\u00e9al pour sublimer vos tables lors du mois de Ramadan, des r\u00e9ceptions familiales ou des d\u00eeners \u00e9l\u00e9gants.<\/p>\n<p>R\u00e9alis\u00e9 en porcelaine blanche de haute qualit\u00e9, il se distingue par de d\u00e9licats motifs argent\u00e9s finement travaill\u00e9s, apportant une touche orientale chic et intemporelle. Les lignes sont harmonieuses, sobres et lumineuses, parfaitement mises en valeur par une table ronde et une ambiance chaleureuse<img loading=\"lazy\" decoding=\"async\" class=\"alignnone size-medium wp-image-3372\" src=\"https:\/\/kdoshop.ma\/wp-content\/uploads\/2026\/01\/ChatGPT-Image-27-janv.-2026-00_26_28-400x267.png\" alt=\"\" width=\"400\" height=\"267\" srcset=\"https:\/\/kdoshop.ma\/wp-content\/uploads\/2026\/01\/ChatGPT-Image-27-janv.-2026-00_26_28-400x267.png 400w, https:\/\/kdoshop.ma\/wp-content\/uploads\/2026\/01\/ChatGPT-Image-27-janv.-2026-00_26_28-1200x800.png 1200w, https:\/\/kdoshop.ma\/wp-content\/uploads\/2026\/01\/ChatGPT-Image-27-janv.-2026-00_26_28-768x512.png 768w, https:\/\/kdoshop.ma\/wp-content\/uploads\/2026\/01\/ChatGPT-Image-27-janv.-2026-00_26_28-430x287.png 430w, https:\/\/kdoshop.ma\/wp-content\/uploads\/2026\/01\/ChatGPT-Image-27-janv.-2026-00_26_28-700x467.png 700w, https:\/\/kdoshop.ma\/wp-content\/uploads\/2026\/01\/ChatGPT-Image-27-janv.-2026-00_26_28-150x100.png 150w, https:\/\/kdoshop.ma\/wp-content\/uploads\/2026\/01\/ChatGPT-Image-27-janv.-2026-00_26_28.png 1536w\" sizes=\"auto, (max-width: 400px) 100vw, 400px\" \/><\/p>","protected":false},"featured_media":3372,"comment_status":"closed","ping_status":"closed","template":"","meta":{"_joinchat":{"telephone":"+212667210021"}},"product_brand":[],"product_cat":[113,15],"product_tag":[142,141],"class_list":{"0":"post-3371","1":"product","2":"type-product","3":"status-publish","4":"has-post-thumbnail","6":"product_cat-art-de-table","7":"product_cat-home","8":"product_tag-service-38-pieces","9":"product_tag-vaisselle","11":"first","12":"instock","13":"sale","14":"shipping-taxable","15":"purchasable","16":"product-type-simple"},"jetpack_sharing_enabled":true,"_links":{"self":[{"href":"https:\/\/kdoshop.ma\/ar\/wp-json\/wp\/v2\/product\/3371","targetHints":{"allow":["GET"]}}],"collection":[{"href":"https:\/\/kdoshop.ma\/ar\/wp-json\/wp\/v2\/product"}],"about":[{"href":"https:\/\/kdoshop.ma\/ar\/wp-json\/wp\/v2\/types\/product"}],"replies":[{"embeddable":true,"href":"https:\/\/kdoshop.ma\/ar\/wp-json\/wp\/v2\/comments?post=3371"}],"version-history":[{"count":1,"href":"https:\/\/kdoshop.ma\/ar\/wp-json\/wp\/v2\/product\/3371\/revisions"}],"predecessor-version":[{"id":3373,"href":"https:\/\/kdoshop.ma\/ar\/wp-json\/wp\/v2\/product\/3371\/revisions\/3373"}],"wp:featuredmedia":[{"embeddable":true,"href":"https:\/\/kdoshop.ma\/ar\/wp-json\/wp\/v2\/media\/3372"}],"wp:attachment":[{"href":"https:\/\/kdoshop.ma\/ar\/wp-json\/wp\/v2\/media?parent=3371"}],"wp:term":[{"taxonomy":"product_brand","embeddable":true,"href":"https:\/\/kdoshop.ma\/ar\/wp-json\/wp\/v2\/product_brand?post=3371"},{"taxonomy":"product_cat","embeddable":true,"href":"https:\/\/kdoshop.ma\/ar\/wp-json\/wp\/v2\/product_cat?post=3371"},{"taxonomy":"product_tag","embeddable":true,"href":"https:\/\/kdoshop.ma\/ar\/wp-json\/wp\/v2\/product_tag?post=3371"}],"curies":[{"name":"wp","href":"https:\/\/api.w.org\/{rel}","templated":true}]}}