{"id":3378,"date":"2026-01-27T00:26:03","date_gmt":"2026-01-27T00:26:03","guid":{"rendered":"https:\/\/kdoshop.ma\/?post_type=product&#038;p=3378"},"modified":"2026-01-27T18:25:04","modified_gmt":"2026-01-27T18:25:04","slug":"nappe-benchrif-noir","status":"publish","type":"product","link":"https:\/\/kdoshop.ma\/ar\/product\/nappe-benchrif-noir\/","title":{"rendered":"\u0645\u0641\u0631\u0634 BENCHRIF \u0627\u0644\u0623\u0633\u0648\u062f"},"content":{"rendered":"<p><img loading=\"lazy\" decoding=\"async\" class=\"alignnone size-medium wp-image-3379\" src=\"https:\/\/kdoshop.ma\/wp-content\/uploads\/2026\/01\/NAPPE-BENCHRIF-NOIR-CHAT-GPT-400x267.png\" alt=\"\" width=\"400\" height=\"267\" srcset=\"https:\/\/kdoshop.ma\/wp-content\/uploads\/2026\/01\/NAPPE-BENCHRIF-NOIR-CHAT-GPT-400x267.png 400w, https:\/\/kdoshop.ma\/wp-content\/uploads\/2026\/01\/NAPPE-BENCHRIF-NOIR-CHAT-GPT-1200x800.png 1200w, https:\/\/kdoshop.ma\/wp-content\/uploads\/2026\/01\/NAPPE-BENCHRIF-NOIR-CHAT-GPT-768x512.png 768w, https:\/\/kdoshop.ma\/wp-content\/uploads\/2026\/01\/NAPPE-BENCHRIF-NOIR-CHAT-GPT-430x287.png 430w, https:\/\/kdoshop.ma\/wp-content\/uploads\/2026\/01\/NAPPE-BENCHRIF-NOIR-CHAT-GPT-700x467.png 700w, https:\/\/kdoshop.ma\/wp-content\/uploads\/2026\/01\/NAPPE-BENCHRIF-NOIR-CHAT-GPT-150x100.png 150w, https:\/\/kdoshop.ma\/wp-content\/uploads\/2026\/01\/NAPPE-BENCHRIF-NOIR-CHAT-GPT.png 1536w\" sizes=\"auto, (max-width: 400px) 100vw, 400px\" \/><\/p>\n<p data-start=\"159\" data-end=\"206\"><strong data-start=\"159\" data-end=\"206\">Nappe Benchrif\u00a0 1;50 cm avec 12 serviettes assorties<\/strong><\/p>\n<p data-start=\"208\" data-end=\"525\">\u00c9l\u00e9gante et raffin\u00e9e, cette <strong data-start=\"236\" data-end=\"279\">nappe Benchrif traditionnelle marocaine<\/strong> incarne le savoir-faire artisanal et le luxe oriental. Confectionn\u00e9e dans un tissu richement <strong data-start=\"373\" data-end=\"416\">brod\u00e9 de motifs g\u00e9om\u00e9triques et floraux<\/strong>, elle se distingue par ses <strong data-start=\"444\" data-end=\"481\">fils dor\u00e9s subtilement travaill\u00e9s<\/strong>, apportant \u00e9clat et prestige \u00e0 votre table.<\/p>\n<p data-start=\"527\" data-end=\"827\">La nappe est accompagn\u00e9e de <strong data-start=\"555\" data-end=\"582\">12 serviettes assorties<\/strong>, finement brod\u00e9es et soigneusement confectionn\u00e9es, offrant une parfaite harmonie avec l\u2019ensemble. Chaque serviette est pens\u00e9e pour sublimer la pr\u00e9sentation de table, id\u00e9ale pour les <strong data-start=\"765\" data-end=\"826\">r\u00e9ceptions, f\u00eates, mariages, Ramadan ou grandes occasions<\/strong>.<\/p>","protected":false},"excerpt":{"rendered":"<p data-start=\"159\" data-end=\"206\"><strong data-start=\"159\" data-end=\"206\">Nappe Benchrif\u00a0 1;50 cm avec 12 serviettes assorties<\/strong><\/p>\n<p data-start=\"208\" data-end=\"525\">\u00c9l\u00e9gante et raffin\u00e9e, cette <strong data-start=\"236\" data-end=\"279\">nappe Benchrif traditionnelle marocaine<\/strong> incarne le savoir-faire artisanal et le luxe oriental. Confectionn\u00e9e dans un tissu richement <strong data-start=\"373\" data-end=\"416\">brod\u00e9 de motifs g\u00e9om\u00e9triques et floraux<\/strong>, elle se distingue par ses <strong data-start=\"444\" data-end=\"481\">fils dor\u00e9s subtilement travaill\u00e9s<\/strong>, apportant \u00e9clat et prestige \u00e0 votre table.<\/p>\n<p data-start=\"527\" data-end=\"827\">La nappe est accompagn\u00e9e de <strong data-start=\"555\" data-end=\"582\">12 serviettes assorties<\/strong>, finement brod\u00e9es et soigneusement confectionn\u00e9es, offrant une parfaite harmonie avec l\u2019ensemble. Chaque serviette est pens\u00e9e pour sublimer la pr\u00e9sentation de table, id\u00e9ale pour les <strong data-start=\"765\" data-end=\"826\">r\u00e9ceptions, f\u00eates, mariages, Ramadan ou grandes occasions<\/strong>.<img loading=\"lazy\" decoding=\"async\" class=\"alignnone size-medium wp-image-3379\" src=\"https:\/\/kdoshop.ma\/wp-content\/uploads\/2026\/01\/NAPPE-BENCHRIF-NOIR-CHAT-GPT-400x267.png\" alt=\"\" width=\"400\" height=\"267\" srcset=\"https:\/\/kdoshop.ma\/wp-content\/uploads\/2026\/01\/NAPPE-BENCHRIF-NOIR-CHAT-GPT-400x267.png 400w, https:\/\/kdoshop.ma\/wp-content\/uploads\/2026\/01\/NAPPE-BENCHRIF-NOIR-CHAT-GPT-1200x800.png 1200w, https:\/\/kdoshop.ma\/wp-content\/uploads\/2026\/01\/NAPPE-BENCHRIF-NOIR-CHAT-GPT-768x512.png 768w, https:\/\/kdoshop.ma\/wp-content\/uploads\/2026\/01\/NAPPE-BENCHRIF-NOIR-CHAT-GPT-430x287.png 430w, https:\/\/kdoshop.ma\/wp-content\/uploads\/2026\/01\/NAPPE-BENCHRIF-NOIR-CHAT-GPT-700x467.png 700w, https:\/\/kdoshop.ma\/wp-content\/uploads\/2026\/01\/NAPPE-BENCHRIF-NOIR-CHAT-GPT-150x100.png 150w, https:\/\/kdoshop.ma\/wp-content\/uploads\/2026\/01\/NAPPE-BENCHRIF-NOIR-CHAT-GPT.png 1536w\" sizes=\"auto, (max-width: 400px) 100vw, 400px\" \/><\/p>","protected":false},"featured_media":3380,"comment_status":"closed","ping_status":"closed","template":"","meta":{"_joinchat":{"telephone":"+212667210021"}},"product_brand":[],"product_cat":[15,114],"product_tag":[146,148],"class_list":{"0":"post-3378","1":"product","2":"type-product","3":"status-publish","4":"has-post-thumbnail","6":"product_cat-home","7":"product_cat-linge-de-table","8":"product_tag-nappe-benchrif","9":"product_tag-nappe-de-table-ma","11":"first","12":"instock","13":"sale","14":"shipping-taxable","15":"purchasable","16":"product-type-simple"},"jetpack_sharing_enabled":true,"_links":{"self":[{"href":"https:\/\/kdoshop.ma\/ar\/wp-json\/wp\/v2\/product\/3378","targetHints":{"allow":["GET"]}}],"collection":[{"href":"https:\/\/kdoshop.ma\/ar\/wp-json\/wp\/v2\/product"}],"about":[{"href":"https:\/\/kdoshop.ma\/ar\/wp-json\/wp\/v2\/types\/product"}],"replies":[{"embeddable":true,"href":"https:\/\/kdoshop.ma\/ar\/wp-json\/wp\/v2\/comments?post=3378"}],"version-history":[{"count":1,"href":"https:\/\/kdoshop.ma\/ar\/wp-json\/wp\/v2\/product\/3378\/revisions"}],"predecessor-version":[{"id":3381,"href":"https:\/\/kdoshop.ma\/ar\/wp-json\/wp\/v2\/product\/3378\/revisions\/3381"}],"wp:featuredmedia":[{"embeddable":true,"href":"https:\/\/kdoshop.ma\/ar\/wp-json\/wp\/v2\/media\/3380"}],"wp:attachment":[{"href":"https:\/\/kdoshop.ma\/ar\/wp-json\/wp\/v2\/media?parent=3378"}],"wp:term":[{"taxonomy":"product_brand","embeddable":true,"href":"https:\/\/kdoshop.ma\/ar\/wp-json\/wp\/v2\/product_brand?post=3378"},{"taxonomy":"product_cat","embeddable":true,"href":"https:\/\/kdoshop.ma\/ar\/wp-json\/wp\/v2\/product_cat?post=3378"},{"taxonomy":"product_tag","embeddable":true,"href":"https:\/\/kdoshop.ma\/ar\/wp-json\/wp\/v2\/product_tag?post=3378"}],"curies":[{"name":"wp","href":"https:\/\/api.w.org\/{rel}","templated":true}]}}