{"id":3393,"date":"2026-01-27T18:44:13","date_gmt":"2026-01-27T18:44:13","guid":{"rendered":"https:\/\/kdoshop.ma\/?post_type=product&#038;p=3393"},"modified":"2026-01-27T18:44:13","modified_gmt":"2026-01-27T18:44:13","slug":"service-de-18-pieces-dore","status":"publish","type":"product","link":"https:\/\/kdoshop.ma\/ar\/product\/service-de-18-pieces-dore\/","title":{"rendered":"\u062e\u062f\u0645\u0629 18 \u0642\u0637\u0639\u0629 \u062f\u0648\u0631\u064a"},"content":{"rendered":"<h3 data-start=\"100\" data-end=\"155\"><img loading=\"lazy\" decoding=\"async\" class=\"alignnone size-medium wp-image-3395\" src=\"https:\/\/kdoshop.ma\/wp-content\/uploads\/2026\/01\/WhatsApp-Image-2026-01-27-at-19.33.17-225x300.jpeg\" alt=\"\" width=\"225\" height=\"300\" srcset=\"https:\/\/kdoshop.ma\/wp-content\/uploads\/2026\/01\/WhatsApp-Image-2026-01-27-at-19.33.17-225x300.jpeg 225w, https:\/\/kdoshop.ma\/wp-content\/uploads\/2026\/01\/WhatsApp-Image-2026-01-27-at-19.33.17-600x800.jpeg 600w, https:\/\/kdoshop.ma\/wp-content\/uploads\/2026\/01\/WhatsApp-Image-2026-01-27-at-19.33.17-768x1024.jpeg 768w, https:\/\/kdoshop.ma\/wp-content\/uploads\/2026\/01\/WhatsApp-Image-2026-01-27-at-19.33.17-1152x1536.jpeg 1152w, https:\/\/kdoshop.ma\/wp-content\/uploads\/2026\/01\/WhatsApp-Image-2026-01-27-at-19.33.17-1536x2048.jpeg 1536w, https:\/\/kdoshop.ma\/wp-content\/uploads\/2026\/01\/WhatsApp-Image-2026-01-27-at-19.33.17-430x573.jpeg 430w, https:\/\/kdoshop.ma\/wp-content\/uploads\/2026\/01\/WhatsApp-Image-2026-01-27-at-19.33.17-700x933.jpeg 700w, https:\/\/kdoshop.ma\/wp-content\/uploads\/2026\/01\/WhatsApp-Image-2026-01-27-at-19.33.17-150x200.jpeg 150w, https:\/\/kdoshop.ma\/wp-content\/uploads\/2026\/01\/WhatsApp-Image-2026-01-27-at-19.33.17-scaled.jpeg 1920w\" sizes=\"auto, (max-width: 225px) 100vw, 225px\" \/><\/h3>\n<h3 data-start=\"100\" data-end=\"155\">Service de table 18 pi\u00e8ces \u2013 \u00c9l\u00e9gance &amp; Raffinement<\/h3>\n<p data-start=\"157\" data-end=\"345\">Apportez une touche de <strong data-start=\"180\" data-end=\"206\">raffinement intemporel<\/strong> \u00e0 votre table avec ce somptueux <strong data-start=\"239\" data-end=\"272\">service de table de 18 pi\u00e8ces<\/strong>, con\u00e7u pour sublimer vos repas du quotidien comme vos grandes occasions.<\/p>\n<p data-start=\"347\" data-end=\"607\">Fabriqu\u00e9 avec soin, ce service associe une <strong data-start=\"390\" data-end=\"420\">finition blanche lumineuse<\/strong> \u00e0 de d\u00e9licats <strong data-start=\"435\" data-end=\"451\">motifs dor\u00e9s<\/strong>, offrant une allure chic et harmonieuse qui s\u2019int\u00e8gre parfaitement \u00e0 tous les styles de d\u00e9coration, notamment les tables \u00e9l\u00e9gantes et les salons marocains.<\/p>\n<h4 data-start=\"609\" data-end=\"650\">Composition du service (18 pi\u00e8ces) :<\/h4>\n<ul data-start=\"651\" data-end=\"847\">\n<li data-start=\"651\" data-end=\"714\">\n<p data-start=\"653\" data-end=\"714\"><strong data-start=\"653\" data-end=\"676\">6 grandes assiettes 27 cm<\/strong>\u00a0id\u00e9ales pour les plats principaux<\/p>\n<\/li>\n<li data-start=\"715\" data-end=\"783\">\n<p data-start=\"717\" data-end=\"783\"><strong data-start=\"717\" data-end=\"740\">6 petites assiettes<\/strong> 20,5 cm parfaites pour les entr\u00e9es ou desserts<\/p>\n<\/li>\n<li data-start=\"784\" data-end=\"847\">\n<p data-start=\"786\" data-end=\"847\"><strong data-start=\"786\" data-end=\"796\">6 bols<\/strong> 14 cm adapt\u00e9s aux soupes, salades ou accompagnements<\/p>\n<\/li>\n<\/ul>\n<h4 data-start=\"849\" data-end=\"868\">Points forts :<\/h4>\n<ul data-start=\"869\" data-end=\"1065\">\n<li data-start=\"869\" data-end=\"898\">\n<p data-start=\"871\" data-end=\"898\">Design \u00e9l\u00e9gant et moderne<\/p>\n<\/li>\n<li data-start=\"899\" data-end=\"939\">\n<p data-start=\"901\" data-end=\"939\">Finitions soign\u00e9es aux d\u00e9tails dor\u00e9s<\/p>\n<\/li>\n<li data-start=\"940\" data-end=\"1002\">\n<p data-start=\"942\" data-end=\"1002\">Convient aussi bien \u00e0 un usage quotidien qu\u2019aux r\u00e9ceptions<\/p>\n<\/li>\n<li data-start=\"1003\" data-end=\"1065\">\n<p data-start=\"1005\" data-end=\"1065\">Facile \u00e0 assortir avec diff\u00e9rents styles de linge de table<\/p>\n<\/li>\n<\/ul>\n<p data-start=\"1067\" data-end=\"1233\">Ce service de table est le choix parfait pour ceux qui recherchent <strong data-start=\"1134\" data-end=\"1170\">qualit\u00e9, esth\u00e9tique et praticit\u00e9<\/strong>, tout en mettant en valeur l\u2019art de recevoir avec distinction.<\/p>","protected":false},"excerpt":{"rendered":"<p>Service de table 18 pi\u00e8ces \u2013 \u00c9l\u00e9gance &amp; Raffinement Apportez une touche de raffinement intemporel \u00e0 votre table avec ce<\/p>","protected":false},"featured_media":3394,"comment_status":"closed","ping_status":"closed","template":"","meta":{"_joinchat":{"telephone":"+212667210021"}},"product_brand":[],"product_cat":[113,15],"product_tag":[152,151,153,150],"class_list":{"0":"post-3393","1":"product","2":"type-product","3":"status-publish","4":"has-post-thumbnail","6":"product_cat-art-de-table","7":"product_cat-home","8":"product_tag-kdo-shop","9":"product_tag-kdoshop","10":"product_tag-service-18-pieces","11":"product_tag-vaisselle-18-pieces","13":"first","14":"instock","15":"sale","16":"shipping-taxable","17":"purchasable","18":"product-type-simple"},"jetpack_sharing_enabled":true,"_links":{"self":[{"href":"https:\/\/kdoshop.ma\/ar\/wp-json\/wp\/v2\/product\/3393","targetHints":{"allow":["GET"]}}],"collection":[{"href":"https:\/\/kdoshop.ma\/ar\/wp-json\/wp\/v2\/product"}],"about":[{"href":"https:\/\/kdoshop.ma\/ar\/wp-json\/wp\/v2\/types\/product"}],"replies":[{"embeddable":true,"href":"https:\/\/kdoshop.ma\/ar\/wp-json\/wp\/v2\/comments?post=3393"}],"version-history":[{"count":1,"href":"https:\/\/kdoshop.ma\/ar\/wp-json\/wp\/v2\/product\/3393\/revisions"}],"predecessor-version":[{"id":3396,"href":"https:\/\/kdoshop.ma\/ar\/wp-json\/wp\/v2\/product\/3393\/revisions\/3396"}],"wp:featuredmedia":[{"embeddable":true,"href":"https:\/\/kdoshop.ma\/ar\/wp-json\/wp\/v2\/media\/3394"}],"wp:attachment":[{"href":"https:\/\/kdoshop.ma\/ar\/wp-json\/wp\/v2\/media?parent=3393"}],"wp:term":[{"taxonomy":"product_brand","embeddable":true,"href":"https:\/\/kdoshop.ma\/ar\/wp-json\/wp\/v2\/product_brand?post=3393"},{"taxonomy":"product_cat","embeddable":true,"href":"https:\/\/kdoshop.ma\/ar\/wp-json\/wp\/v2\/product_cat?post=3393"},{"taxonomy":"product_tag","embeddable":true,"href":"https:\/\/kdoshop.ma\/ar\/wp-json\/wp\/v2\/product_tag?post=3393"}],"curies":[{"name":"wp","href":"https:\/\/api.w.org\/{rel}","templated":true}]}}