{"id":3436,"date":"2026-02-18T09:38:02","date_gmt":"2026-02-18T09:38:02","guid":{"rendered":"https:\/\/kdoshop.ma\/product\/service-de-15-pieces-etoile-et-lune\/"},"modified":"2026-02-18T09:38:04","modified_gmt":"2026-02-18T09:38:04","slug":"service-de-15-pieces-etoile-et-lune","status":"publish","type":"product","link":"https:\/\/kdoshop.ma\/ar\/product\/service-de-15-pieces-etoile-et-lune\/","title":{"rendered":"15 \u0623\u062c\u0632\u0627\u0621 \u0627\u0644\u062e\u062f\u0645\u0629-\u0627\u0644\u0646\u062c\u0645 \u0648\u0627\u0644\u0642\u0645\u0631"},"content":{"rendered":"<p><strong><span>Service de table en porcelaine de style traditionnel marocain,de la collection<\/span><span><span class=\"Apple-converted-space\">&nbsp;<\/span><\/span><span>Nejma &amp; Hlal<\/span><span>,se caract\u00e9rise par des motifs calligraphiques et g\u00e9om\u00e9triques en rouge, vert et noir.<\/span><span><span class=\"Apple-converted-space\">&nbsp;<\/span><\/span><span>Il comprend 1 une soupi\u00e8re avec couvercle,6 bols et des 6 sous-tasses et une spatule <\/span>id\u00e9ale pour<span> less soupes et <\/span>surtout<span> la harira.<\/span><\/strong><\/p>","protected":false},"excerpt":{"rendered":"<p>Service de table en porcelaine de style traditionnel marocain,de la collection&nbsp;Nejma &amp; Hlal,se caract\u00e9rise par des motifs calligraphiques et g\u00e9om\u00e9triques<\/p>","protected":false},"featured_media":3433,"comment_status":"open","ping_status":"closed","template":"","meta":{"_joinchat":[]},"product_brand":[],"product_cat":[113],"product_tag":[157],"class_list":{"0":"post-3436","1":"product","2":"type-product","3":"status-publish","4":"has-post-thumbnail","6":"product_cat-art-de-table","7":"product_tag-service-nejjma-et-hilal","9":"first","10":"instock","11":"sale","12":"shipping-taxable","13":"purchasable","14":"product-type-simple"},"jetpack_sharing_enabled":true,"_links":{"self":[{"href":"https:\/\/kdoshop.ma\/ar\/wp-json\/wp\/v2\/product\/3436","targetHints":{"allow":["GET"]}}],"collection":[{"href":"https:\/\/kdoshop.ma\/ar\/wp-json\/wp\/v2\/product"}],"about":[{"href":"https:\/\/kdoshop.ma\/ar\/wp-json\/wp\/v2\/types\/product"}],"replies":[{"embeddable":true,"href":"https:\/\/kdoshop.ma\/ar\/wp-json\/wp\/v2\/comments?post=3436"}],"version-history":[{"count":0,"href":"https:\/\/kdoshop.ma\/ar\/wp-json\/wp\/v2\/product\/3436\/revisions"}],"wp:featuredmedia":[{"embeddable":true,"href":"https:\/\/kdoshop.ma\/ar\/wp-json\/wp\/v2\/media\/3433"}],"wp:attachment":[{"href":"https:\/\/kdoshop.ma\/ar\/wp-json\/wp\/v2\/media?parent=3436"}],"wp:term":[{"taxonomy":"product_brand","embeddable":true,"href":"https:\/\/kdoshop.ma\/ar\/wp-json\/wp\/v2\/product_brand?post=3436"},{"taxonomy":"product_cat","embeddable":true,"href":"https:\/\/kdoshop.ma\/ar\/wp-json\/wp\/v2\/product_cat?post=3436"},{"taxonomy":"product_tag","embeddable":true,"href":"https:\/\/kdoshop.ma\/ar\/wp-json\/wp\/v2\/product_tag?post=3436"}],"curies":[{"name":"wp","href":"https:\/\/api.w.org\/{rel}","templated":true}]}}