{"id":3439,"date":"2026-02-18T09:44:01","date_gmt":"2026-02-18T09:44:01","guid":{"rendered":"https:\/\/kdoshop.ma\/product\/service-de-20-pieces-en-porcelaine\/"},"modified":"2026-02-18T09:44:03","modified_gmt":"2026-02-18T09:44:03","slug":"service-de-20-pieces-en-porcelaine","status":"publish","type":"product","link":"https:\/\/kdoshop.ma\/ar\/product\/service-de-20-pieces-en-porcelaine\/","title":{"rendered":"Service de 20 pi\u00e8ces en porcelaine"},"content":{"rendered":"<p><strong><\/strong><\/p>\n<div class=\"WaaZC\">\n<div class=\"RJPOee EIJn2\" style=\"color: var(--m3c11)\">\n<div class=\"rPeykc uP58nb MNX06c\" data-hveid=\"CAIQAQ\" data-ved=\"2ahUKEwjGiI273-KSAxV_V6QEHaNbJnAQo_EKegQIAhAB\" style=\"margin: 0px 0px 10px;font-size: 16px;font-weight: 400 !important;line-height: 24px;letter-spacing: normal\"><strong><span><span role=\"heading\">Ensemble de vaisselle \u00e9l\u00e9gante<\/span><\/span><span class=\"Apple-converted-space\"><span><span role=\"heading\">&nbsp;<\/span><\/span><\/span><span><span role=\"heading\">:service de table de 20 pi\u00e8ces en porcelaine<\/span><\/span><span class=\"Apple-converted-space\"><span role=\"heading\"><span>&nbsp;<\/span><\/span><\/span><span><span role=\"heading\">avec un motif de marbre, comprenant 6 assiettes grande ,6 <\/span><\/span>assiettes<span><span role=\"heading\">  moyenne et 6 bols et 2 saladiers.<\/span><\/span><\/strong><\/div>\n<\/div>\n<\/div>\n<div class=\"WaaZC\">\n<div class=\"RJPOee EIJn2\" style=\"color: var(--m3c11)\">\n<ul data-hveid=\"CAwQAQ\" data-ved=\"2ahUKEwjGiI273-KSAxV_V6QEHaNbJnAQm_YKegQIDBAB\" style=\"margin: 10px 0px 20px;padding: 0px;font-size: 16px;line-height: 24px;padding-inline-start: 16px\">\n<li style=\"margin: 0px 0px 8px;padding: 0px;padding-inline-start: 4px\"><span><strong>Design :<\/strong><\/span><span><strong><span class=\"Apple-converted-space\">&nbsp;<\/span><\/strong><\/span><span><strong>Motif marbr\u00e9 \u00e9l\u00e9gant, souvent utilis\u00e9 pour des occasions sp\u00e9ciales comme le Ramadan.<\/strong><\/span><span><strong><span class=\"Apple-converted-space\">&nbsp;<\/span><\/strong><\/span><\/li>\n<li style=\"margin: 0px 0px 8px;padding: 0px;padding-inline-start: 4px\"><span><strong>Contenu :<\/strong><\/span><span><strong><span class=\"Apple-converted-space\">&nbsp;<\/span><\/strong><\/span><span><strong>L&rsquo;ensemble se compose de <\/strong><\/span><\/li>\n<li style=\"margin: 0px 0px 8px;padding: 0px;padding-inline-start: 4px\"><span><strong>6 grandes assiettes 27 cm, <\/strong><\/span><\/li>\n<li style=\"margin: 0px 0px 8px;padding: 0px;padding-inline-start: 4px\"><span><strong>6 assiettes moyennes 20 cm, <\/strong><\/span><\/li>\n<li style=\"margin: 0px 0px 8px;padding: 0px;padding-inline-start: 4px\"><span><strong>6 bols  14 cm <\/strong><\/span><\/li>\n<li style=\"margin: 0px 0px 8px;padding: 0px;padding-inline-start: 4px\"><span><strong>2 saladiers<\/strong><\/span><span><strong><span class=\"Apple-converted-space\"> 19 cm<\/span><\/strong><\/span><\/li>\n<li style=\"margin: 0px;padding: 0px;padding-inline-start: 4px\"><span><strong>Usage :<\/strong><\/span><span><strong><span class=\"Apple-converted-space\">&nbsp;<\/span><\/strong><\/span><span><strong>Id\u00e9al pour une pr\u00e9sentation raffin\u00e9e de vos plats lors de r\u00e9ceptions ou de repas de f\u00eate.<\/strong><\/span><\/li>\n<\/ul>\n<\/div>\n<\/div>","protected":false},"excerpt":{"rendered":"<p>Ensemble de vaisselle \u00e9l\u00e9gante&nbsp;:service de table de 20 pi\u00e8ces en porcelaine&nbsp;avec un motif de marbre, comprenant 6 assiettes grande ,6<\/p>","protected":false},"featured_media":3438,"comment_status":"open","ping_status":"closed","template":"","meta":{"_joinchat":[]},"product_brand":[],"product_cat":[113],"product_tag":[158],"class_list":{"0":"post-3439","1":"product","2":"type-product","3":"status-publish","4":"has-post-thumbnail","6":"product_cat-art-de-table","7":"product_tag-service-20-pieces-marbre","9":"first","10":"instock","11":"sale","12":"shipping-taxable","13":"purchasable","14":"product-type-simple"},"jetpack_sharing_enabled":true,"_links":{"self":[{"href":"https:\/\/kdoshop.ma\/ar\/wp-json\/wp\/v2\/product\/3439","targetHints":{"allow":["GET"]}}],"collection":[{"href":"https:\/\/kdoshop.ma\/ar\/wp-json\/wp\/v2\/product"}],"about":[{"href":"https:\/\/kdoshop.ma\/ar\/wp-json\/wp\/v2\/types\/product"}],"replies":[{"embeddable":true,"href":"https:\/\/kdoshop.ma\/ar\/wp-json\/wp\/v2\/comments?post=3439"}],"version-history":[{"count":0,"href":"https:\/\/kdoshop.ma\/ar\/wp-json\/wp\/v2\/product\/3439\/revisions"}],"wp:featuredmedia":[{"embeddable":true,"href":"https:\/\/kdoshop.ma\/ar\/wp-json\/wp\/v2\/media\/3438"}],"wp:attachment":[{"href":"https:\/\/kdoshop.ma\/ar\/wp-json\/wp\/v2\/media?parent=3439"}],"wp:term":[{"taxonomy":"product_brand","embeddable":true,"href":"https:\/\/kdoshop.ma\/ar\/wp-json\/wp\/v2\/product_brand?post=3439"},{"taxonomy":"product_cat","embeddable":true,"href":"https:\/\/kdoshop.ma\/ar\/wp-json\/wp\/v2\/product_cat?post=3439"},{"taxonomy":"product_tag","embeddable":true,"href":"https:\/\/kdoshop.ma\/ar\/wp-json\/wp\/v2\/product_tag?post=3439"}],"curies":[{"name":"wp","href":"https:\/\/api.w.org\/{rel}","templated":true}]}}