{"id":3443,"date":"2026-02-19T10:07:00","date_gmt":"2026-02-19T10:07:00","guid":{"rendered":"https:\/\/kdoshop.ma\/product\/%d8%b7%d9%82%d9%85-%d8%a7%d9%84%d8%a3%d9%85%d9%8a%d8%b1%d8%a9-7%d9%82%d8%b7%d8%b9\/"},"modified":"2026-02-19T10:07:02","modified_gmt":"2026-02-19T10:07:02","slug":"%d8%b7%d9%82%d9%85-%d8%a7%d9%84%d8%a3%d9%85%d9%8a%d8%b1%d8%a9-7%d9%82%d8%b7%d8%b9","status":"publish","type":"product","link":"https:\/\/kdoshop.ma\/ar\/product\/%d8%b7%d9%82%d9%85-%d8%a7%d9%84%d8%a3%d9%85%d9%8a%d8%b1%d8%a9-7%d9%82%d8%b7%d8%b9\/","title":{"rendered":"\u0637\u0642\u0645 \u0627\u0644\u0623\u0645\u064a\u0631\u0629 7\u0642\u0637\u0639"},"content":{"rendered":"<p><strong><\/strong><\/p>\n<div class=\"WaaZC\">\n<div class=\"RJPOee EIJn2\" style=\"color: var(--m3c11)\">\n<div class=\"rPeykc uP58nb MNX06c\" data-hveid=\"CAIQAQ\" data-ved=\"2ahUKEwjoiJrIoeWSAxXGQ6QEHSu_LcgQo_EKegQIAhAB\" style=\"margin: 0px 0px 10px;font-size: 16px;font-weight: 400 !important;line-height: 24px;letter-spacing: normal\"><span><strong><span role=\"heading\">Cet ensemble est un set de vaisselle baroque color\u00e9e, comprenant un grand saladier et six bols assortis de diff\u00e9rentes couleurs.<\/span><\/strong><\/span><span><strong><span class=\"pjBG2e\" data-cid=\"14afad9b-8ced-4c1b-9cbe-f311185102df\"><span class=\"UV3uM\" style=\"white-space: nowrap\">&nbsp;<\/span><\/span><\/strong><\/span><\/div>\n<\/div>\n<\/div>\n<div class=\"WaaZC\">\n<div class=\"RJPOee EIJn2\" style=\"color: var(--m3c11)\">\n<ul data-hveid=\"CAYQAQ\" data-ved=\"2ahUKEwjoiJrIoeWSAxXGQ6QEHSu_LcgQm_YKegQIBhAB\" style=\"margin: 10px 0px 20px;padding: 0px;font-size: 16px;line-height: 24px;padding-inline-start: 16px\">\n<li style=\"margin: 0px 0px 8px;padding: 0px;padding-inline-start: 4px\"><span><strong>Il est id\u00e9al pour servir des salades, des soupes ou des desserts lors de repas festifs.<\/strong><\/span><span><strong><span class=\"Apple-converted-space\">&nbsp;<\/span><\/strong><\/span><\/li>\n<li style=\"margin: 0px 0px 8px;padding: 0px;padding-inline-start: 4px\"><span><strong>Les pi\u00e8ces sont orn\u00e9es de motifs dor\u00e9s d\u00e9taill\u00e9s et reposent sur de petits pieds d\u00e9coratifs.<\/strong><\/span><span><strong><span class=\"Apple-converted-space\">&nbsp;<\/span><\/strong><\/span><\/li>\n<li style=\"margin: 0px;padding: 0px;padding-inline-start: 4px\"><span><strong>Cet ensemble est un \u00e9l\u00e9ment de d\u00e9coration de table qui ajoute une touche \u00e9l\u00e9gante et color\u00e9e.<\/strong><\/span><\/li>\n<\/ul>\n<\/div>\n<\/div>","protected":false},"excerpt":{"rendered":"<p>Cet ensemble est un set de vaisselle baroque color\u00e9e, comprenant un grand saladier et six bols assortis de diff\u00e9rentes couleurs.&nbsp;<\/p>","protected":false},"featured_media":3442,"comment_status":"open","ping_status":"closed","template":"","meta":{"_joinchat":[]},"product_brand":[],"product_cat":[113],"product_tag":[159],"class_list":{"0":"post-3443","1":"product","2":"type-product","3":"status-publish","4":"has-post-thumbnail","6":"product_cat-art-de-table","7":"product_tag-159","9":"first","10":"instock","11":"sale","12":"shipping-taxable","13":"purchasable","14":"product-type-simple"},"jetpack_sharing_enabled":true,"_links":{"self":[{"href":"https:\/\/kdoshop.ma\/ar\/wp-json\/wp\/v2\/product\/3443","targetHints":{"allow":["GET"]}}],"collection":[{"href":"https:\/\/kdoshop.ma\/ar\/wp-json\/wp\/v2\/product"}],"about":[{"href":"https:\/\/kdoshop.ma\/ar\/wp-json\/wp\/v2\/types\/product"}],"replies":[{"embeddable":true,"href":"https:\/\/kdoshop.ma\/ar\/wp-json\/wp\/v2\/comments?post=3443"}],"version-history":[{"count":0,"href":"https:\/\/kdoshop.ma\/ar\/wp-json\/wp\/v2\/product\/3443\/revisions"}],"wp:featuredmedia":[{"embeddable":true,"href":"https:\/\/kdoshop.ma\/ar\/wp-json\/wp\/v2\/media\/3442"}],"wp:attachment":[{"href":"https:\/\/kdoshop.ma\/ar\/wp-json\/wp\/v2\/media?parent=3443"}],"wp:term":[{"taxonomy":"product_brand","embeddable":true,"href":"https:\/\/kdoshop.ma\/ar\/wp-json\/wp\/v2\/product_brand?post=3443"},{"taxonomy":"product_cat","embeddable":true,"href":"https:\/\/kdoshop.ma\/ar\/wp-json\/wp\/v2\/product_cat?post=3443"},{"taxonomy":"product_tag","embeddable":true,"href":"https:\/\/kdoshop.ma\/ar\/wp-json\/wp\/v2\/product_tag?post=3443"}],"curies":[{"name":"wp","href":"https:\/\/api.w.org\/{rel}","templated":true}]}}