{"id":3452,"date":"2026-02-19T10:23:49","date_gmt":"2026-02-19T10:23:49","guid":{"rendered":"https:\/\/kdoshop.ma\/product\/service-13-pieces-motif-marocain\/"},"modified":"2026-02-19T10:23:50","modified_gmt":"2026-02-19T10:23:50","slug":"service-13-pieces-motif-marocain","status":"publish","type":"product","link":"https:\/\/kdoshop.ma\/ar\/product\/service-13-pieces-motif-marocain\/","title":{"rendered":"\u062e\u062f\u0645\u0629 13 \u0642\u0637\u0639\u0629 \u0646\u0645\u0637 \u0627\u0644\u0645\u063a\u0631\u0628\u064a"},"content":{"rendered":"<p>\u2728 Service marocain en c\u00e9ramique d\u00e9cor\u00e9e \u2013 \u00c9l\u00e9gance artisanale \u2728<\/p>\n<p>Le service comprend :<\/p>\n<p>1 grand bol central sur pieds, id\u00e9al pour la pr\u00e9sentation<\/p>\n<p>6 bols individuels assortis, chacun accompagn\u00e9 de sa cuill\u00e8re<\/p>\n<p>1 grande louche \u00e9l\u00e9gante aux finitions dor\u00e9es<\/p>\n<p>Les bols reposent sur de petits pieds dor\u00e9s, offrant stabilit\u00e9 et distinction. L\u2019ensemble est parfaitement adapt\u00e9 pour le service de soupes, hariras, desserts, fruits secs ou accompagnements, aussi bien pour les occasions sp\u00e9ciales que pour une table raffin\u00e9e au quotidien.<\/p>","protected":false},"excerpt":{"rendered":"<p>\u2728 Service marocain en c\u00e9ramique d\u00e9cor\u00e9e \u2013 \u00c9l\u00e9gance artisanale \u2728 Le service comprend : 1 grand bol central sur pieds,<\/p>","protected":false},"featured_media":3449,"comment_status":"open","ping_status":"closed","template":"","meta":{"_joinchat":[]},"product_brand":[],"product_cat":[113],"product_tag":[161],"class_list":{"0":"post-3452","1":"product","2":"type-product","3":"status-publish","4":"has-post-thumbnail","6":"product_cat-art-de-table","7":"product_tag-service-saladier","9":"first","10":"instock","11":"sale","12":"shipping-taxable","13":"purchasable","14":"product-type-simple"},"jetpack_sharing_enabled":true,"_links":{"self":[{"href":"https:\/\/kdoshop.ma\/ar\/wp-json\/wp\/v2\/product\/3452","targetHints":{"allow":["GET"]}}],"collection":[{"href":"https:\/\/kdoshop.ma\/ar\/wp-json\/wp\/v2\/product"}],"about":[{"href":"https:\/\/kdoshop.ma\/ar\/wp-json\/wp\/v2\/types\/product"}],"replies":[{"embeddable":true,"href":"https:\/\/kdoshop.ma\/ar\/wp-json\/wp\/v2\/comments?post=3452"}],"version-history":[{"count":0,"href":"https:\/\/kdoshop.ma\/ar\/wp-json\/wp\/v2\/product\/3452\/revisions"}],"wp:featuredmedia":[{"embeddable":true,"href":"https:\/\/kdoshop.ma\/ar\/wp-json\/wp\/v2\/media\/3449"}],"wp:attachment":[{"href":"https:\/\/kdoshop.ma\/ar\/wp-json\/wp\/v2\/media?parent=3452"}],"wp:term":[{"taxonomy":"product_brand","embeddable":true,"href":"https:\/\/kdoshop.ma\/ar\/wp-json\/wp\/v2\/product_brand?post=3452"},{"taxonomy":"product_cat","embeddable":true,"href":"https:\/\/kdoshop.ma\/ar\/wp-json\/wp\/v2\/product_cat?post=3452"},{"taxonomy":"product_tag","embeddable":true,"href":"https:\/\/kdoshop.ma\/ar\/wp-json\/wp\/v2\/product_tag?post=3452"}],"curies":[{"name":"wp","href":"https:\/\/api.w.org\/{rel}","templated":true}]}}