{"id":3499,"date":"2026-03-25T16:47:08","date_gmt":"2026-03-25T16:47:08","guid":{"rendered":"https:\/\/kdoshop.ma\/product\/defie-tes-parents\/"},"modified":"2026-03-25T16:47:10","modified_gmt":"2026-03-25T16:47:10","slug":"defie-tes-parents","status":"publish","type":"product","link":"https:\/\/kdoshop.ma\/ar\/product\/defie-tes-parents\/","title":{"rendered":"D\u00e9fie tes parents"},"content":{"rendered":"<p><span><strong>Ce jeu de soci\u00e9t\u00e9 hors du commun o\u00f9 les enfants affrontent leurs parents motivera certainement les uns et les autres \u00e0 se faire face dans de belles parties de rire en famille<\/strong><\/span><\/p>","protected":false},"excerpt":{"rendered":"<p>Ce jeu de soci\u00e9t\u00e9 hors du commun o\u00f9 les enfants affrontent leurs parents motivera certainement les uns et les autres<\/p>","protected":false},"featured_media":3498,"comment_status":"open","ping_status":"closed","template":"","meta":{"_joinchat":[]},"product_brand":[],"product_cat":[119,112],"product_tag":[],"class_list":{"0":"post-3499","1":"product","2":"type-product","3":"status-publish","4":"has-post-thumbnail","6":"product_cat-jeux-jouets","7":"product_cat-kids","9":"first","10":"instock","11":"sale","12":"shipping-taxable","13":"purchasable","14":"product-type-simple"},"jetpack_sharing_enabled":true,"_links":{"self":[{"href":"https:\/\/kdoshop.ma\/ar\/wp-json\/wp\/v2\/product\/3499","targetHints":{"allow":["GET"]}}],"collection":[{"href":"https:\/\/kdoshop.ma\/ar\/wp-json\/wp\/v2\/product"}],"about":[{"href":"https:\/\/kdoshop.ma\/ar\/wp-json\/wp\/v2\/types\/product"}],"replies":[{"embeddable":true,"href":"https:\/\/kdoshop.ma\/ar\/wp-json\/wp\/v2\/comments?post=3499"}],"version-history":[{"count":0,"href":"https:\/\/kdoshop.ma\/ar\/wp-json\/wp\/v2\/product\/3499\/revisions"}],"wp:featuredmedia":[{"embeddable":true,"href":"https:\/\/kdoshop.ma\/ar\/wp-json\/wp\/v2\/media\/3498"}],"wp:attachment":[{"href":"https:\/\/kdoshop.ma\/ar\/wp-json\/wp\/v2\/media?parent=3499"}],"wp:term":[{"taxonomy":"product_brand","embeddable":true,"href":"https:\/\/kdoshop.ma\/ar\/wp-json\/wp\/v2\/product_brand?post=3499"},{"taxonomy":"product_cat","embeddable":true,"href":"https:\/\/kdoshop.ma\/ar\/wp-json\/wp\/v2\/product_cat?post=3499"},{"taxonomy":"product_tag","embeddable":true,"href":"https:\/\/kdoshop.ma\/ar\/wp-json\/wp\/v2\/product_tag?post=3499"}],"curies":[{"name":"wp","href":"https:\/\/api.w.org\/{rel}","templated":true}]}}